{"id":10,"date":"2023-10-07T12:30:41","date_gmt":"2023-10-07T12:30:41","guid":{"rendered":"https:\/\/www.suomi-ranska.com\/hameenlinna\/?page_id=10"},"modified":"2023-11-06T13:16:31","modified_gmt":"2023-11-06T13:16:31","slug":"etusivu","status":"publish","type":"page","link":"https:\/\/www.suomi-ranska.com\/hameenlinna\/","title":{"rendered":"Etusivu"},"content":{"rendered":"<p>[et_pb_section fb_built=&#8221;1&#8243; _builder_version=&#8221;4.22.1&#8243; _module_preset=&#8221;default&#8221; use_background_color_gradient=&#8221;on&#8221; background_color_gradient_type=&#8221;elliptical&#8221; background_color_gradient_direction_radial=&#8221;top right&#8221; background_color_gradient_stops=&#8221;#ffffff 0%|#002654 100%&#8221; background_enable_image=&#8221;off&#8221; background_size=&#8221;contain&#8221; width=&#8221;100%&#8221; max_width=&#8221;100%&#8221; custom_padding=&#8221;||24px|||&#8221; global_colors_info=&#8221;{}&#8221;][et_pb_row column_structure=&#8221;1_2,1_2&#8243; _builder_version=&#8221;4.22.1&#8243; _module_preset=&#8221;default&#8221; width=&#8221;100%&#8221; max_width=&#8221;1280px&#8221; global_colors_info=&#8221;{}&#8221;][et_pb_column type=&#8221;1_2&#8243; _builder_version=&#8221;4.22.1&#8243; _module_preset=&#8221;default&#8221; global_colors_info=&#8221;{}&#8221;][et_pb_text _builder_version=&#8221;4.23&#8243; _module_preset=&#8221;default&#8221; header_font=&#8221;Lato||||||||&#8221; header_text_align=&#8221;center&#8221; header_text_color=&#8221;#FFFFFF&#8221; header_font_size=&#8221;46px&#8221; custom_margin=&#8221;|||0px|false|false&#8221; header_font_size_tablet=&#8221;46px&#8221; header_font_size_phone=&#8221;30px&#8221; header_font_size_last_edited=&#8221;on|phone&#8221; global_colors_info=&#8221;{}&#8221;]<\/p>\n<h1 class=\"centerer\">H\u00e4meenlinnan<br \/>suomalais-ranskalainen<br \/>yhdistys ry<\/h1>\n<p>[\/et_pb_text][\/et_pb_column][et_pb_column type=&#8221;1_2&#8243; _builder_version=&#8221;4.22.1&#8243; _module_preset=&#8221;default&#8221; global_colors_info=&#8221;{}&#8221;][et_pb_image src=&#8221;https:\/\/www.suomi-ranska.com\/hameenlinna\/wp-content\/uploads\/2023\/10\/Hameenlinna.webp&#8221; title_text=&#8221;H\u00e4meenlinna&#8221; align=&#8221;center&#8221; _builder_version=&#8221;4.23&#8243; _module_preset=&#8221;default&#8221; width=&#8221;100%&#8221; max_height=&#8221;248px&#8221; global_colors_info=&#8221;{}&#8221;][\/et_pb_image][\/et_pb_column][\/et_pb_row][\/et_pb_section][et_pb_section fb_built=&#8221;1&#8243; _builder_version=&#8221;4.22.1&#8243; _module_preset=&#8221;default&#8221; background_enable_color=&#8221;off&#8221; custom_padding=&#8221;33px||34px|||&#8221; global_colors_info=&#8221;{}&#8221;][et_pb_row _builder_version=&#8221;4.22.1&#8243; _module_preset=&#8221;default&#8221; global_colors_info=&#8221;{}&#8221;][et_pb_column type=&#8221;4_4&#8243; _builder_version=&#8221;4.22.1&#8243; _module_preset=&#8221;default&#8221; global_colors_info=&#8221;{}&#8221;][et_pb_text _builder_version=&#8221;4.23&#8243; _module_preset=&#8221;default&#8221; header_font=&#8221;Lato||||||||&#8221; header_text_align=&#8221;center&#8221; header_text_color=&#8221;#000000&#8243; header_font_size=&#8221;57px&#8221; header_2_font=&#8221;Lato|700|||||||&#8221; header_2_text_color=&#8221;#002654&#8243; header_2_font_size=&#8221;36px&#8221; custom_margin=&#8221;|||0px|false|false&#8221; header_2_font_size_tablet=&#8221;36px&#8221; header_2_font_size_phone=&#8221;26px&#8221; header_2_font_size_last_edited=&#8221;on|desktop&#8221; global_colors_info=&#8221;{}&#8221;]<\/p>\n<h2 class=\"centerer\" style=\"text-align: center;\">H\u00e4meenlinnan suomalais-ranskalainen yhdistys ry on perustettu<br \/>esittelem\u00e4\u00e4n ja tekem\u00e4\u00e4n tutuksi ranskalaista kulttuuria<\/h2>\n<p>[\/et_pb_text][\/et_pb_column][\/et_pb_row][et_pb_row column_structure=&#8221;1_3,2_3&#8243; _builder_version=&#8221;4.22.1&#8243; _module_preset=&#8221;default&#8221; global_colors_info=&#8221;{}&#8221;][et_pb_column type=&#8221;1_3&#8243; _builder_version=&#8221;4.22.1&#8243; _module_preset=&#8221;default&#8221; global_colors_info=&#8221;{}&#8221;][et_pb_image src=&#8221;https:\/\/www.suomi-ranska.com\/hameenlinna\/wp-content\/uploads\/2023\/10\/Hameenlinnan-suomi-ranska.jpg&#8221; title_text=&#8221;Hameenlinnan suomi-ranska&#8221; align=&#8221;center&#8221; _builder_version=&#8221;4.23&#8243; _module_preset=&#8221;default&#8221; global_colors_info=&#8221;{}&#8221;][\/et_pb_image][\/et_pb_column][et_pb_column type=&#8221;2_3&#8243; _builder_version=&#8221;4.22.1&#8243; _module_preset=&#8221;default&#8221; global_colors_info=&#8221;{}&#8221;][et_pb_text _builder_version=&#8221;4.23&#8243; _module_preset=&#8221;default&#8221; text_font_size=&#8221;16px&#8221; global_colors_info=&#8221;{}&#8221;]<\/p>\n<p>Jo yli seitsem\u00e4n vuosikymment\u00e4 toimineen yhdistyksen tavoitteena on tarjota kotikaupungissaan tilaisuuksia tutustua ranskalaiseen kulttuuriin sek\u00e4 j\u00e4rjest\u00e4\u00e4 j\u00e4senist\u00f6lleen kiinnostavia osallistumismahdollisuuksia.<\/p>\n<p>Toimintaamme kuuluu tilaisuuksia, joissa esitell\u00e4\u00e4n ranskalaista kulttuuria: kirjallisuutta, elokuvaa ja musiikkia. Yhdistyksen j\u00e4rjest\u00e4miss\u00e4 tilaisuuksissa ovat vierailleet Ville-Juhani Sutinen, Lotta Toivanen sek\u00e4 monet muut asiantuntijat.<\/p>\n<p>Hengen viljelyn lis\u00e4ksi ranskalainen keitti\u00f6 on tullut tutuksi perinteisill\u00e4 syksyn kokkikursseilla. Petankki on houkutellut liikunnan yst\u00e4vi\u00e4 harrastamaan. Toukokuussa juhlimme kev\u00e4\u00e4n tuloa piknikill\u00e4, joka j\u00e4rjestet\u00e4\u00e4n vehreiss\u00e4 maisemissa Aulangon tekosaarilla.<\/p>\n<p>[\/et_pb_text][et_pb_text _builder_version=&#8221;4.23&#8243; _module_preset=&#8221;default&#8221; text_text_color=&#8221;#000000&#8243; text_font_size=&#8221;13px&#8221; global_colors_info=&#8221;{}&#8221;]<\/p>\n<p>Kuva: Monena syksyn\u00e4 yhdistyksen j\u00e4senet ovat kokoontuneet laittamaan yhdess\u00e4 illallista Riitta Gr\u00f6nqvistin johdolla.<\/p>\n<p>[\/et_pb_text][\/et_pb_column][\/et_pb_row][\/et_pb_section][et_pb_section fb_built=&#8221;1&#8243; disabled_on=&#8221;off|off|off&#8221; _builder_version=&#8221;4.22.2&#8243; _module_preset=&#8221;default&#8221; background_color=&#8221;#ce1126&#8243; background_enable_image=&#8221;off&#8221; background_size=&#8221;contain&#8221; width=&#8221;100%&#8221; max_width=&#8221;100%&#8221; custom_padding=&#8221;16px||24px|||&#8221; global_colors_info=&#8221;{}&#8221;][et_pb_row _builder_version=&#8221;4.22.2&#8243; _module_preset=&#8221;default&#8221; max_width=&#8221;1920px&#8221; global_colors_info=&#8221;{}&#8221;][et_pb_column type=&#8221;4_4&#8243; _builder_version=&#8221;4.22.1&#8243; _module_preset=&#8221;default&#8221; global_colors_info=&#8221;{}&#8221;][et_pb_text _builder_version=&#8221;4.22.2&#8243; _module_preset=&#8221;default&#8221; header_font=&#8221;Lato||||||||&#8221; header_text_align=&#8221;center&#8221; header_text_color=&#8221;#FFFFFF&#8221; header_3_font=&#8221;Lato||||||||&#8221; header_3_text_align=&#8221;center&#8221; header_3_text_color=&#8221;#FFFFFF&#8221; header_3_font_size=&#8221;30px&#8221; header_3_line_height=&#8221;1.1em&#8221; custom_margin=&#8221;18px||0px|0px|false|false&#8221; global_colors_info=&#8221;{}&#8221;]<\/p>\n<h3 class=\"centerer\" style=\"text-align: center;\">Yhteystiedot<\/h3>\n<p>[\/et_pb_text][\/et_pb_column][\/et_pb_row][et_pb_row _builder_version=&#8221;4.22.2&#8243; _module_preset=&#8221;default&#8221; max_width=&#8221;1920px&#8221; global_colors_info=&#8221;{}&#8221;][et_pb_column type=&#8221;4_4&#8243; _builder_version=&#8221;4.22.1&#8243; _module_preset=&#8221;default&#8221; global_colors_info=&#8221;{}&#8221;][et_pb_text _builder_version=&#8221;4.23&#8243; _module_preset=&#8221;default&#8221; text_font=&#8221;Lato||||||||&#8221; text_text_color=&#8221;#FFFFFF&#8221; text_font_size=&#8221;16px&#8221; text_line_height=&#8221;1.8em&#8221; link_font=&#8221;Lato||||||||&#8221; link_text_color=&#8221;#ffffff&#8221; header_font=&#8221;Lato||||||||&#8221; header_text_align=&#8221;center&#8221; header_text_color=&#8221;#002654&#8243; header_2_font=&#8221;Lato||||||||&#8221; header_2_font_size=&#8221;22px&#8221; header_2_line_height=&#8221;1.5em&#8221; width=&#8221;90%&#8221; max_width=&#8221;90%&#8221; module_alignment=&#8221;center&#8221; custom_margin=&#8221;-20px||||false|false&#8221; custom_padding=&#8221;||0px|||&#8221; global_colors_info=&#8221;{}&#8221;]<\/p>\n<p style=\"text-align: center;\">Kotisivu:<br \/>\n<a href=\"https:\/\/hmlranskasuomiyhdistys.blogspot.com\/\" target=\"_blank\" rel=\"noopener\">hmlranskasuomiyhdistys.blogspot.fi\/<\/a><\/p>\n<p style=\"text-align: center;\">Toimintaamme viime vuosilta:<\/p>\n<p style=\"text-align: center;\"><a href=\"http:\/\/hmlranskasuomiyhdistys.blogspot.com\/2023\/\" target=\"_blank\" rel=\"noopener\">Vuosi 2023<\/a><br \/>\n<a href=\"http:\/\/hmlranskasuomiyhdistys.blogspot.com\/2022\/\" target=\"_blank\" rel=\"noopener\">Vuosi 2022<\/a><br \/>\n<a href=\"http:\/\/hmlranskasuomiyhdistys.blogspot.com\/2021\/\" target=\"_blank\" rel=\"noopener\">Vuosi 2021<\/a><\/p>\n<p style=\"text-align: center;\">Puheenjohtaja, yhteyshenkil\u00f6:<br \/>\nRiitta Takkula-Ollila<br \/>\nT\u00e9l: <a href=\"tel:+358405309619\" target=\"_blank\" rel=\"noopener\"> 040-5309619<\/a><br \/>\n<a href=\"mailto:riittatakkulaollila@gmail.com\" target=\"_blank\" rel=\"noopener\">riittatakkulaollila (at) gmail.com<\/a><\/p>\n<p style=\"text-align: center;\">Varapuheenjohtaja:<br \/>\nPirjo Keskinen-Vento<a href=\"mailto:pkeskinenvento@gmail.com\" target=\"_blank\" rel=\"noopener\"><br \/>\nT\u00e9l: <\/a><a href=\"tel:+358449217474\" target=\"_blank\" rel=\"noopener\">044 9217474<\/a><br \/>\n<a href=\"mailto:pkeskinenvento@gmail.com\" target=\"_blank\" rel=\"noopener\">pkeskinenvento@gmail.com<\/a><\/p>\n<p style=\"text-align: center;\">Sihteeri:<br \/>\nMarja Peltoniemi<br \/>\n<a href=\"mailto:peltoniemimarja86@gmail.com\" target=\"_blank\" rel=\"noopener\">peltoniemimarja86@gmail.com<\/a><br \/>\n<a href=\"tel:+358505506316\" target=\"_blank\" rel=\"noopener\">T\u00e9l:050-5506316<\/a><\/p>\n<p>[\/et_pb_text][\/et_pb_column][\/et_pb_row][\/et_pb_section][et_pb_section fb_built=&#8221;1&#8243; _builder_version=&#8221;4.22.1&#8243; _module_preset=&#8221;default&#8221; background_enable_color=&#8221;off&#8221; custom_padding=&#8221;33px||34px|||&#8221; global_colors_info=&#8221;{}&#8221;][et_pb_row _builder_version=&#8221;4.22.1&#8243; _module_preset=&#8221;default&#8221; global_colors_info=&#8221;{}&#8221;][et_pb_column type=&#8221;4_4&#8243; _builder_version=&#8221;4.22.1&#8243; _module_preset=&#8221;default&#8221; global_colors_info=&#8221;{}&#8221;][et_pb_image src=&#8221;https:\/\/www.suomi-ranska.com\/hameenlinna\/wp-content\/uploads\/2023\/10\/lataus.webp&#8221; title_text=&#8221;lataus&#8221; align=&#8221;center&#8221; _builder_version=&#8221;4.22.1&#8243; _module_preset=&#8221;default&#8221; global_colors_info=&#8221;{}&#8221;][\/et_pb_image][\/et_pb_column][\/et_pb_row][\/et_pb_section][et_pb_section fb_built=&#8221;1&#8243; _builder_version=&#8221;4.22.1&#8243; _module_preset=&#8221;default&#8221; background_color=&#8221;#ce1126&#8243; background_enable_image=&#8221;off&#8221; background_size=&#8221;contain&#8221; width=&#8221;100%&#8221; max_width=&#8221;100%&#8221; min_height=&#8221;334px&#8221; custom_padding=&#8221;||24px|||&#8221; saved_tabs=&#8221;all&#8221; global_colors_info=&#8221;{}&#8221;][et_pb_row column_structure=&#8221;1_3,1_3,1_3&#8243; use_custom_gutter=&#8221;on&#8221; gutter_width=&#8221;2&#8243; _builder_version=&#8221;4.22.1&#8243; _module_preset=&#8221;default&#8221; width=&#8221;100%&#8221; max_width=&#8221;1540px&#8221; global_colors_info=&#8221;{}&#8221;][et_pb_column type=&#8221;1_3&#8243; _builder_version=&#8221;4.22.1&#8243; _module_preset=&#8221;default&#8221; global_colors_info=&#8221;{}&#8221;][\/et_pb_column][et_pb_column type=&#8221;1_3&#8243; _builder_version=&#8221;4.22.1&#8243; _module_preset=&#8221;default&#8221; global_colors_info=&#8221;{}&#8221;][et_pb_image src=&#8221;https:\/\/www.suomi-ranska.com\/hameenlinna\/wp-content\/uploads\/2023\/10\/heksagon-juhon-tekele.webp&#8221; title_text=&#8221;heksagon juhon tekele&#8221; show_bottom_space=&#8221;off&#8221; align=&#8221;center&#8221; _builder_version=&#8221;4.22.1&#8243; _module_preset=&#8221;default&#8221; width=&#8221;30%&#8221; global_colors_info=&#8221;{}&#8221;][\/et_pb_image][\/et_pb_column][et_pb_column type=&#8221;1_3&#8243; _builder_version=&#8221;4.22.1&#8243; _module_preset=&#8221;default&#8221; global_colors_info=&#8221;{}&#8221;][\/et_pb_column][\/et_pb_row][\/et_pb_section]<\/p>\n","protected":false},"excerpt":{"rendered":"<p>H\u00e4meenlinnansuomalais-ranskalainenyhdistys ryH\u00e4meenlinnan suomalais-ranskalainen yhdistys ry on perustettuesittelem\u00e4\u00e4n ja tekem\u00e4\u00e4n tutuksi ranskalaista kulttuuriaJo yli seitsem\u00e4n vuosikymment\u00e4 toimineen yhdistyksen tavoitteena on tarjota kotikaupungissaan tilaisuuksia tutustua ranskalaiseen kulttuuriin sek\u00e4 j\u00e4rjest\u00e4\u00e4 j\u00e4senist\u00f6lleen kiinnostavia osallistumismahdollisuuksia. Toimintaamme kuuluu tilaisuuksia, joissa esitell\u00e4\u00e4n ranskalaista kulttuuria: kirjallisuutta, elokuvaa ja musiikkia. Yhdistyksen j\u00e4rjest\u00e4miss\u00e4 tilaisuuksissa ovat vierailleet Ville-Juhani Sutinen, Lotta Toivanen sek\u00e4 monet muut asiantuntijat. Hengen [&hellip;]<\/p>\n","protected":false},"author":1,"featured_media":0,"parent":0,"menu_order":0,"comment_status":"closed","ping_status":"closed","template":"","meta":{"_et_pb_use_builder":"on","_et_pb_old_content":"","_et_gb_content_width":"","footnotes":""},"class_list":["post-10","page","type-page","status-publish","hentry"],"_links":{"self":[{"href":"https:\/\/www.suomi-ranska.com\/hameenlinna\/wp-json\/wp\/v2\/pages\/10","targetHints":{"allow":["GET"]}}],"collection":[{"href":"https:\/\/www.suomi-ranska.com\/hameenlinna\/wp-json\/wp\/v2\/pages"}],"about":[{"href":"https:\/\/www.suomi-ranska.com\/hameenlinna\/wp-json\/wp\/v2\/types\/page"}],"author":[{"embeddable":true,"href":"https:\/\/www.suomi-ranska.com\/hameenlinna\/wp-json\/wp\/v2\/users\/1"}],"replies":[{"embeddable":true,"href":"https:\/\/www.suomi-ranska.com\/hameenlinna\/wp-json\/wp\/v2\/comments?post=10"}],"version-history":[{"count":19,"href":"https:\/\/www.suomi-ranska.com\/hameenlinna\/wp-json\/wp\/v2\/pages\/10\/revisions"}],"predecessor-version":[{"id":93,"href":"https:\/\/www.suomi-ranska.com\/hameenlinna\/wp-json\/wp\/v2\/pages\/10\/revisions\/93"}],"wp:attachment":[{"href":"https:\/\/www.suomi-ranska.com\/hameenlinna\/wp-json\/wp\/v2\/media?parent=10"}],"curies":[{"name":"wp","href":"https:\/\/api.w.org\/{rel}","templated":true}]}}