{"id":28,"date":"2023-10-16T14:28:33","date_gmt":"2023-10-16T14:28:33","guid":{"rendered":"https:\/\/www.suomi-ranska.com\/kaarinapiikkio\/?page_id=28"},"modified":"2026-03-12T13:34:20","modified_gmt":"2026-03-12T11:34:20","slug":"yhteystiedot","status":"publish","type":"page","link":"https:\/\/www.suomi-ranska.com\/kaarinapiikkio\/yhteystiedot\/","title":{"rendered":"Logo Kaarina Cercle &#8211; Historia"},"content":{"rendered":"<p>[et_pb_section fb_built=&#8221;1&#8243; _builder_version=&#8221;4.23&#8243; _module_preset=&#8221;default&#8221; background_enable_color=&#8221;off&#8221; use_background_color_gradient=&#8221;on&#8221; background_color_gradient_stops=&#8221;#002654 0%|#ffffff 100%&#8221; background_enable_image=&#8221;off&#8221; background_size=&#8221;contain&#8221; width=&#8221;100%&#8221; max_width=&#8221;100%&#8221; custom_padding=&#8221;16px||24px|||&#8221; global_colors_info=&#8221;{}&#8221;][et_pb_row column_structure=&#8221;3_5,2_5&#8243; _builder_version=&#8221;4.22.2&#8243; _module_preset=&#8221;default&#8221; max_width=&#8221;1920px&#8221; custom_padding=&#8221;||7px|||&#8221; global_colors_info=&#8221;{}&#8221;][et_pb_column type=&#8221;3_5&#8243; _builder_version=&#8221;4.22.2&#8243; _module_preset=&#8221;default&#8221; global_colors_info=&#8221;{}&#8221;][et_pb_text _builder_version=&#8221;4.22.2&#8243; _module_preset=&#8221;default&#8221; header_font=&#8221;Lato|700|||||||&#8221; header_text_align=&#8221;center&#8221; header_text_color=&#8221;#FFFFFF&#8221; header_font_size=&#8221;40px&#8221; header_line_height=&#8221;1.7em&#8221; header_3_font=&#8221;Lato||||||||&#8221; header_3_text_align=&#8221;center&#8221; header_3_text_color=&#8221;#000000&#8243; header_3_font_size=&#8221;30px&#8221; header_3_line_height=&#8221;1.1em&#8221; custom_margin=&#8221;||0px|0px|false|false&#8221; custom_margin_tablet=&#8221;||0px|0px|false|false&#8221; custom_margin_phone=&#8221;||0px|0px|false|false&#8221; custom_margin_last_edited=&#8221;on|tablet&#8221; custom_padding=&#8221;50px|30px||30px|false|false&#8221; header_font_size_tablet=&#8221;40px&#8221; header_font_size_phone=&#8221;30px&#8221; header_font_size_last_edited=&#8221;on|tablet&#8221; global_colors_info=&#8221;{}&#8221;]<\/p>\n<h1 class=\"centerer\">Kaarinan Ranska-seura ry<\/h1>\n<p>[\/et_pb_text][\/et_pb_column][et_pb_column type=&#8221;2_5&#8243; _builder_version=&#8221;4.22.1&#8243; _module_preset=&#8221;default&#8221; global_colors_info=&#8221;{}&#8221;][et_pb_image src=&#8221;https:\/\/www.suomi-ranska.com\/kaarinapiikkio\/wp-content\/uploads\/2023\/10\/Kaarinan-Piikkion-Suomi-Ranska-seura-ry-logo.webp&#8221; title_text=&#8221;Kaarinan-Piikki\u00f6n Suomi-Ranska seura ry logo&#8221; align=&#8221;center&#8221; align_tablet=&#8221;center&#8221; align_phone=&#8221;center&#8221; align_last_edited=&#8221;on|desktop&#8221; _builder_version=&#8221;4.23&#8243; _module_preset=&#8221;default&#8221; width=&#8221;50%&#8221; max_height=&#8221;307px&#8221; custom_padding=&#8221;|0px||||&#8221; global_colors_info=&#8221;{}&#8221;][\/et_pb_image][\/et_pb_column][\/et_pb_row][\/et_pb_section][et_pb_section fb_built=&#8221;1&#8243; disabled_on=&#8221;on|on|off&#8221; _builder_version=&#8221;4.22.2&#8243; _module_preset=&#8221;default&#8221; background_enable_color=&#8221;off&#8221; custom_margin=&#8221;-10px|||||&#8221; custom_padding=&#8221;19px||9px|||&#8221; global_colors_info=&#8221;{}&#8221;][et_pb_row _builder_version=&#8221;4.22.1&#8243; _module_preset=&#8221;default&#8221; custom_margin=&#8221;-8px|auto||auto||&#8221; global_colors_info=&#8221;{}&#8221;][et_pb_column type=&#8221;4_4&#8243; _builder_version=&#8221;4.22.1&#8243; _module_preset=&#8221;default&#8221; global_colors_info=&#8221;{}&#8221;][et_pb_image src=&#8221;https:\/\/www.suomi-ranska.com\/kaarinapiikkio\/wp-content\/uploads\/2023\/10\/lataus.webp&#8221; title_text=&#8221;lataus&#8221; align=&#8221;center&#8221; _builder_version=&#8221;4.22.1&#8243; _module_preset=&#8221;default&#8221; global_colors_info=&#8221;{}&#8221;][\/et_pb_image][\/et_pb_column][\/et_pb_row][\/et_pb_section][et_pb_section fb_built=&#8221;1&#8243; _builder_version=&#8221;4.22.1&#8243; _module_preset=&#8221;default&#8221; background_enable_color=&#8221;off&#8221; custom_padding=&#8221;33px||34px|||&#8221; global_colors_info=&#8221;{}&#8221;][et_pb_row _builder_version=&#8221;4.22.1&#8243; _module_preset=&#8221;default&#8221; global_colors_info=&#8221;{}&#8221;][et_pb_column type=&#8221;4_4&#8243; _builder_version=&#8221;4.22.1&#8243; _module_preset=&#8221;default&#8221; global_colors_info=&#8221;{}&#8221;][et_pb_text _builder_version=&#8221;4.23&#8243; _module_preset=&#8221;default&#8221; header_font=&#8221;Lato||||||||&#8221; header_text_align=&#8221;center&#8221; header_text_color=&#8221;#000000&#8243; header_font_size=&#8221;57px&#8221; header_2_font=&#8221;Lato|700|||||||&#8221; header_2_text_color=&#8221;#002654&#8243; header_2_font_size=&#8221;36px&#8221; custom_margin=&#8221;|||0px|false|false&#8221; header_2_font_size_tablet=&#8221;36px&#8221; header_2_font_size_phone=&#8221;26px&#8221; header_2_font_size_last_edited=&#8221;on|desktop&#8221; global_colors_info=&#8221;{}&#8221;]<\/p>\n<h2 class=\"centerer\" style=\"text-align: center;\">Kaarina Cerclen logon historiaa<\/h2>\n<p>[\/et_pb_text][et_pb_text _builder_version=&#8221;4.23&#8243; _module_preset=&#8221;default&#8221; text_text_color=&#8221;#000000&#8243; text_font_size=&#8221;16px&#8221; global_colors_info=&#8221;{}&#8221;]<\/p>\n<p>Kaarinan-Piikki\u00f6n Suomi-Ranska seura ry:lle on yhdistyksen hallitus hyv\u00e4ksynyt Logon. Taustalla ovat tricolor-v\u00e4rit, ja keskell\u00e4 Kuusiston Piispanlinnan is\u00e4nn\u00e4n Olavi Maununpojan piispan vaakuna.<br \/>Olavi Maununpoika opiskeli 1400 luvulla Pariisissa, ja oli jopa pari kuukautta Sorbonnen yliopiston rehtorina.<br \/>1400 luvulla, katolisella ajalla, Turun piispanistuin sijaitsi Kaarinan Kuusistossa.<br \/>Varsinkin my\u00f6h\u00e4iskeskiaika oli kansainv\u00e4list\u00e4 aikakautta, jolloin kulttuurivaikutteet levisiv\u00e4t maasta toiseen. Olavi Maununpoika oli yksi Suomen keskiajan merkitt\u00e4vimpi\u00e4 henkil\u00f6it\u00e4. H\u00e4nen el\u00e4m\u00e4nvaiheensa heijastavat osaltaan aikansa kansainv\u00e4lisyytt\u00e4.<\/p>\n<p>Olavi Maununpoika, joka oli piispa Maunu Tavastin ottopoika, opiskeli Pariisissa Sorbonnen yliopistossa kahteen otteeseen. Tuolloin yliopiston nimi oli Pariisin yliopisto.<br \/>Olavi Maununpoika opiskeli Pariisissa vuodesta 1424 tai 1425 alkaen.<br \/>Pariisin yliopiston hyvin s\u00e4ilyneiden dokumenttien mukaan Olavi Maununpoika suoritti maisterintutkintonsa minimiajassa, ja lisensiaatin tutkintonsa h\u00e4n suoritti 20.4. ja 4.5. v\u00e4lisen\u00e4 aikana vuonna 1428. Kes\u00e4ll\u00e4 1428 h\u00e4n palasi Suomeen.<\/p>\n<p>Syksyll\u00e4 1433 Olavi Maununpoika palasi viel\u00e4 Pariisiin jatkamaan opintojaan. H\u00e4n oli kotimaassa saanut Kirkkonummen kirkkoherran viran, jonka tulot muodostivat nyt h\u00e4nen opintojensa taloudellisen pohjan. Turun hiippakunnassa oli yleinen tapa k\u00e4ytt\u00e4\u00e4 virkoja opintotukena, sill\u00e4 kirkko-oikeuden mukaan viranhaltijalla oli oikeus viiden vuoden ajan opiskella yliopistossa ja nauttia samalla tuloja virastaan.<\/p>\n<p>Olavi Maununpoika toimi 1433 j\u00e4lkeen jopa muutaman kuukauden Pariisin yliopiston rehtorina. Monivaiheisten Pariisissa suoritettujen opintojen ja luottamusteht\u00e4vien j\u00e4lkeen Olavi Maununpoika palasi Suomeen ja oli Turussa viimeist\u00e4\u00e4n 14.7.1438. Eli Kirkkonummen kirkkoherran virasta tulleet tulot tuli k\u00e4ytetty\u00e4 Pariisissa t\u00e4ydet 5 vuotta.<\/p>\n<p>Olavi Maununpoika menestyi opinnoissaan ilmeisen hyvin, suorittihan h\u00e4n kaikki tutkintonsa minimiajassa. Koska h\u00e4n suoritti my\u00f6s teologisen tutkinnon, h\u00e4nell\u00e4 oli kansainv\u00e4lisestikin verrattuna hyv\u00e4 sis\u00e4ll\u00f6llinen koulutus piispanviran<br \/>hoitamiseen. Valtaosa yliopisto-opintoja suorittaneista pappismiehist\u00e4 opiskeli vain artistitiedekunnassa, ja mahdolliset jatko-opinnot olivat painottuneet kirkko-oikeuteen. Turun keskiaikaisista piispoista Olavi Maununpoika oli tiett\u00e4v\u00e4sti ainoa, joka oli opiskellut teologiaa.<br \/>Yliopistojen teht\u00e4v\u00e4n\u00e4 oli tuottaa miehi\u00e4, jotka osasivat ajatella, analysoida ja omaksua tietoa sek\u00e4 k\u00e4ytt\u00e4\u00e4 j\u00e4rke\u00e4\u00e4n. Olavi Maununpoikaa pidet\u00e4\u00e4n oppineimpana Suomen keskiaikaisista piispoista.<\/p>\n<p>Olavi Maununpojalla oli my\u00f6hemm\u00e4ll\u00e4 urallaan hy\u00f6ty\u00e4 my\u00f6s siit\u00e4, ett\u00e4 h\u00e4n oli tottunut ulkomailla liikkumiseen ja erilaisiin l\u00e4hettil\u00e4steht\u00e4viin. Ep\u00e4ilem\u00e4tt\u00e4 juuri siit\u00e4 syyst\u00e4 piispa Maunu Tavast k\u00e4ytti tuomiorovasti Olavi Maununpoikaa ahkerasti asiamiehen\u00e4\u00e4n. Olavi Maununpoika toimi piispa Maunun l\u00e4hettil\u00e4\u00e4n\u00e4 Naantalin luostarin perustamishankkeen yhteydess\u00e4, ilmeisesti vieraili kev\u00e4ttalvella 1443 uudelleen Baselin konsiilissa Turun hiippakunnan edustajana ja k\u00e4vi kev\u00e4\u00e4ll\u00e4 1445 Roomassa esitt\u00e4m\u00e4ss\u00e4 paaville anomuksia.<br \/>Vuonna 1450 paavi Nikolaus V hyv\u00e4ksyi Maunu Tavastin l\u00e4hett\u00e4m\u00e4n anomuksen ja nimitti Olavi Maununpojan Turun piispaksi. Olavi Maununpoika toimi Turun Piispana 1450-1460.<\/p>\n<p>Kaarinalla on siis historialliset kytk\u00f6kset Pariisiin ja Ranskaan jo vuosisatojen ajan.<\/p>\n<p>Seppo Sihvonen\u00a0 26.10.2023<\/p>\n<p>L\u00e4hde: www.wikipedia.fi<br \/>Ari-Pekka Palola 1998<\/p>\n<p>[\/et_pb_text][\/et_pb_column][\/et_pb_row][\/et_pb_section][et_pb_section fb_built=&#8221;1&#8243; disabled_on=&#8221;off|off|off&#8221; _builder_version=&#8221;4.22.2&#8243; _module_preset=&#8221;default&#8221; background_color=&#8221;#ce1126&#8243; background_enable_image=&#8221;off&#8221; background_size=&#8221;contain&#8221; width=&#8221;100%&#8221; max_width=&#8221;100%&#8221; custom_padding=&#8221;16px||24px|||&#8221; global_colors_info=&#8221;{}&#8221;][et_pb_row _builder_version=&#8221;4.22.2&#8243; _module_preset=&#8221;default&#8221; max_width=&#8221;1920px&#8221; global_colors_info=&#8221;{}&#8221;][et_pb_column type=&#8221;4_4&#8243; _builder_version=&#8221;4.22.1&#8243; _module_preset=&#8221;default&#8221; global_colors_info=&#8221;{}&#8221;][et_pb_text _builder_version=&#8221;4.22.2&#8243; _module_preset=&#8221;default&#8221; header_font=&#8221;Lato||||||||&#8221; header_text_align=&#8221;center&#8221; header_text_color=&#8221;#FFFFFF&#8221; header_3_font=&#8221;Lato||||||||&#8221; header_3_text_align=&#8221;center&#8221; header_3_text_color=&#8221;#FFFFFF&#8221; header_3_font_size=&#8221;30px&#8221; header_3_line_height=&#8221;1.1em&#8221; custom_margin=&#8221;18px||0px|0px|false|false&#8221; global_colors_info=&#8221;{}&#8221;]<\/p>\n<h3 class=\"centerer\" style=\"text-align: center;\">Yhteystiedot<\/h3>\n<p>[\/et_pb_text][\/et_pb_column][\/et_pb_row][et_pb_row _builder_version=&#8221;4.22.2&#8243; _module_preset=&#8221;default&#8221; max_width=&#8221;1920px&#8221; global_colors_info=&#8221;{}&#8221;][et_pb_column type=&#8221;4_4&#8243; _builder_version=&#8221;4.22.1&#8243; _module_preset=&#8221;default&#8221; global_colors_info=&#8221;{}&#8221;][et_pb_text _builder_version=&#8221;4.27.5&#8243; _module_preset=&#8221;default&#8221; text_font=&#8221;Lato||||||||&#8221; text_text_color=&#8221;#FFFFFF&#8221; text_font_size=&#8221;16px&#8221; text_line_height=&#8221;1.8em&#8221; link_font=&#8221;Lato||||||||&#8221; link_text_color=&#8221;#ffffff&#8221; header_font=&#8221;Lato||||||||&#8221; header_text_align=&#8221;center&#8221; header_text_color=&#8221;#002654&#8243; header_2_font=&#8221;Lato||||||||&#8221; header_2_font_size=&#8221;22px&#8221; header_2_line_height=&#8221;1.5em&#8221; width=&#8221;90%&#8221; max_width=&#8221;90%&#8221; module_alignment=&#8221;center&#8221; custom_margin=&#8221;-20px||||false|false&#8221; custom_padding=&#8221;||0px|||&#8221; hover_enabled=&#8221;0&#8243; global_colors_info=&#8221;{}&#8221; sticky_enabled=&#8221;0&#8243;]<\/p>\n<p style=\"text-align: center;\">Puheenjohtaja:<br \/>Seppo Sihvonen<br \/>T\u00e9l: <a href=\"tel:+358404122000\" target=\"_blank\" rel=\"noopener\">040 412 2000<\/a><br \/><a href=\"mailto:president@kaarinacercle.onmicrosoft.com\" target=\"_blank\" rel=\"noopener\">president(at)kaarinacercle.onmicrosoft.com<\/a><\/p>\n<p style=\"text-align: center;\">Sihteeri:<br \/>Seija Anttila<br \/>T\u00e9l: <a href=\"tel:+358505484823\" target=\"_blank\" rel=\"noopener\">+358 50 548 4823<\/a><br \/><a href=\"mailto:sihteeri@kaarinacercle.onmicrosoft.com\" target=\"_blank\" rel=\"noopener\">mailto: seija.ilona.anttila(at)gmail.com<\/a><\/p>\n<p style=\"text-align: center;\">Facebook: <a href=\"https:\/\/www.facebook.com\/groups\/181867952367905\/\" target=\"_blank\" rel=\"noopener\">Cercle Kaarina<\/a><\/p>\n<p>[\/et_pb_text][et_pb_icon font_icon=&#8221;&#xe0aa;||divi||400&#8243; icon_color=&#8221;#FFFFFF&#8221; icon_width=&#8221;48px&#8221; url=&#8221;https:\/\/www.facebook.com\/groups\/181867952367905\/&#8221; url_new_window=&#8221;on&#8221; _builder_version=&#8221;4.22.2&#8243; _module_preset=&#8221;default&#8221; background_color=&#8221;RGBA(255,255,255,0)&#8221; global_colors_info=&#8221;{}&#8221;][\/et_pb_icon][\/et_pb_column][\/et_pb_row][\/et_pb_section][et_pb_section fb_built=&#8221;1&#8243; disabled_on=&#8221;on|on|off&#8221; _builder_version=&#8221;4.22.2&#8243; _module_preset=&#8221;default&#8221; background_enable_color=&#8221;off&#8221; custom_margin=&#8221;-10px|||||&#8221; custom_padding=&#8221;19px||9px|||&#8221; global_colors_info=&#8221;{}&#8221;][et_pb_row _builder_version=&#8221;4.22.1&#8243; _module_preset=&#8221;default&#8221; custom_margin=&#8221;-8px|auto||auto||&#8221; global_colors_info=&#8221;{}&#8221;][et_pb_column type=&#8221;4_4&#8243; _builder_version=&#8221;4.22.1&#8243; _module_preset=&#8221;default&#8221; global_colors_info=&#8221;{}&#8221;][et_pb_image src=&#8221;https:\/\/www.suomi-ranska.com\/kaarinapiikkio\/wp-content\/uploads\/2023\/10\/lataus.webp&#8221; title_text=&#8221;lataus&#8221; align=&#8221;center&#8221; _builder_version=&#8221;4.22.1&#8243; _module_preset=&#8221;default&#8221; global_colors_info=&#8221;{}&#8221;][\/et_pb_image][\/et_pb_column][\/et_pb_row][\/et_pb_section]<\/p>\n","protected":false},"excerpt":{"rendered":"<p>Kaarinan Ranska-seura ryKaarina Cerclen logon historiaaKaarinan-Piikki\u00f6n Suomi-Ranska seura ry:lle on yhdistyksen hallitus hyv\u00e4ksynyt Logon. Taustalla ovat tricolor-v\u00e4rit, ja keskell\u00e4 Kuusiston Piispanlinnan is\u00e4nn\u00e4n Olavi Maununpojan piispan vaakuna.Olavi Maununpoika opiskeli 1400 luvulla Pariisissa, ja oli jopa pari kuukautta Sorbonnen yliopiston rehtorina.1400 luvulla, katolisella ajalla, Turun piispanistuin sijaitsi Kaarinan Kuusistossa.Varsinkin my\u00f6h\u00e4iskeskiaika oli kansainv\u00e4list\u00e4 aikakautta, jolloin kulttuurivaikutteet levisiv\u00e4t maasta [&hellip;]<\/p>\n","protected":false},"author":1,"featured_media":0,"parent":0,"menu_order":0,"comment_status":"closed","ping_status":"closed","template":"","meta":{"_et_pb_use_builder":"on","_et_pb_old_content":"","_et_gb_content_width":"","footnotes":""},"class_list":["post-28","page","type-page","status-publish","hentry"],"_links":{"self":[{"href":"https:\/\/www.suomi-ranska.com\/kaarinapiikkio\/wp-json\/wp\/v2\/pages\/28","targetHints":{"allow":["GET"]}}],"collection":[{"href":"https:\/\/www.suomi-ranska.com\/kaarinapiikkio\/wp-json\/wp\/v2\/pages"}],"about":[{"href":"https:\/\/www.suomi-ranska.com\/kaarinapiikkio\/wp-json\/wp\/v2\/types\/page"}],"author":[{"embeddable":true,"href":"https:\/\/www.suomi-ranska.com\/kaarinapiikkio\/wp-json\/wp\/v2\/users\/1"}],"replies":[{"embeddable":true,"href":"https:\/\/www.suomi-ranska.com\/kaarinapiikkio\/wp-json\/wp\/v2\/comments?post=28"}],"version-history":[{"count":33,"href":"https:\/\/www.suomi-ranska.com\/kaarinapiikkio\/wp-json\/wp\/v2\/pages\/28\/revisions"}],"predecessor-version":[{"id":1134,"href":"https:\/\/www.suomi-ranska.com\/kaarinapiikkio\/wp-json\/wp\/v2\/pages\/28\/revisions\/1134"}],"wp:attachment":[{"href":"https:\/\/www.suomi-ranska.com\/kaarinapiikkio\/wp-json\/wp\/v2\/media?parent=28"}],"curies":[{"name":"wp","href":"https:\/\/api.w.org\/{rel}","templated":true}]}}