{"id":143,"date":"2018-04-25T17:01:02","date_gmt":"2018-04-25T17:01:02","guid":{"rendered":"https:\/\/www.suomi-ranska.com\/kuopio\/?page_id=143"},"modified":"2023-10-20T17:43:46","modified_gmt":"2023-10-20T14:43:46","slug":"tapahtumat-2018","status":"publish","type":"page","link":"https:\/\/www.suomi-ranska.com\/kuopio\/tapahtumat-2018\/","title":{"rendered":"Tapahtumat 2018"},"content":{"rendered":"[et_pb_section fb_built=&#8221;1&#8243; _builder_version=&#8221;4.22.2&#8243; _module_preset=&#8221;default&#8221; background_enable_color=&#8221;off&#8221; use_background_color_gradient=&#8221;on&#8221; background_color_gradient_stops=&#8221;#002654 0%|#ffffff 100%&#8221; background_enable_image=&#8221;off&#8221; background_size=&#8221;contain&#8221; width=&#8221;100%&#8221; max_width=&#8221;100%&#8221; custom_padding=&#8221;16px||24px|||&#8221; global_colors_info=&#8221;{}&#8221; theme_builder_area=&#8221;post_content&#8221;][et_pb_row column_structure=&#8221;1_3,1_3,1_3&#8243; _builder_version=&#8221;4.22.2&#8243; _module_preset=&#8221;default&#8221; max_width=&#8221;1920px&#8221; custom_padding=&#8221;||0px||false|false&#8221; global_colors_info=&#8221;{}&#8221; theme_builder_area=&#8221;post_content&#8221;][et_pb_column type=&#8221;1_3&#8243; _builder_version=&#8221;4.22.2&#8243; _module_preset=&#8221;default&#8221; custom_padding=&#8221;50px||||false|false&#8221; global_colors_info=&#8221;{}&#8221; theme_builder_area=&#8221;post_content&#8221;][et_pb_text _builder_version=&#8221;4.22.2&#8243; _module_preset=&#8221;default&#8221; header_font=&#8221;Lato|700|||||||&#8221; header_text_align=&#8221;center&#8221; header_text_color=&#8221;#FFFFFF&#8221; header_font_size=&#8221;40px&#8221; header_3_font=&#8221;Lato||||||||&#8221; header_3_text_align=&#8221;center&#8221; header_3_text_color=&#8221;#000000&#8243; header_3_font_size=&#8221;30px&#8221; header_3_line_height=&#8221;1.1em&#8221; custom_margin=&#8221;||0px|0px|false|false&#8221; custom_margin_tablet=&#8221;||0px|0px|false|false&#8221; custom_margin_phone=&#8221;||0px|0px|false|false&#8221; custom_margin_last_edited=&#8221;on|tablet&#8221; header_font_size_tablet=&#8221;40px&#8221; header_font_size_phone=&#8221;30px&#8221; header_font_size_last_edited=&#8221;on|tablet&#8221; global_colors_info=&#8221;{}&#8221; theme_builder_area=&#8221;post_content&#8221;]<h1 class=\"centerer\">Tapahtumat 2018<\/h1>[\/et_pb_text][\/et_pb_column][et_pb_column type=&#8221;1_3&#8243; _builder_version=&#8221;4.22.1&#8243; _module_preset=&#8221;default&#8221; global_colors_info=&#8221;{}&#8221; theme_builder_area=&#8221;post_content&#8221;][et_pb_image src=&#8221;https:\/\/www.suomi-ranska.com\/kuopio\/wp-content\/uploads\/2023\/10\/Kuopio-1.webp&#8221; title_text=&#8221;Kuopio&#8221; align=&#8221;center&#8221; align_tablet=&#8221;center&#8221; align_phone=&#8221;center&#8221; align_last_edited=&#8221;on|desktop&#8221; _builder_version=&#8221;4.22.2&#8243; _module_preset=&#8221;default&#8221; max_height=&#8221;148px&#8221; global_colors_info=&#8221;{}&#8221; theme_builder_area=&#8221;post_content&#8221;][\/et_pb_image][\/et_pb_column][et_pb_column type=&#8221;1_3&#8243; _builder_version=&#8221;4.22.1&#8243; _module_preset=&#8221;default&#8221; global_colors_info=&#8221;{}&#8221; theme_builder_area=&#8221;post_content&#8221;][et_pb_text _builder_version=&#8221;4.22.2&#8243; _module_preset=&#8221;default&#8221; header_2_font=&#8221;Lato|700|||||||&#8221; header_2_text_align=&#8221;left&#8221; header_2_text_color=&#8221;#002654&#8243; header_2_font_size=&#8221;18px&#8221; custom_margin=&#8221;50px||||false|false&#8221; global_colors_info=&#8221;{}&#8221; theme_builder_area=&#8221;post_content&#8221;]<h2 class=\"centerer\" style=\"text-align: center;\"><span id=\"french-title\">Kuopion Suomi-Ranska yhdistys ry<\/span><\/h2>[\/et_pb_text][\/et_pb_column][\/et_pb_row][\/et_pb_section][et_pb_section fb_built=&#8221;1&#8243; admin_label=&#8221;section&#8221; _builder_version=&#8221;4.16&#8243; global_colors_info=&#8221;{}&#8221;][et_pb_row admin_label=&#8221;row&#8221; _builder_version=&#8221;4.16&#8243; background_size=&#8221;initial&#8221; background_position=&#8221;top_left&#8221; background_repeat=&#8221;repeat&#8221; global_colors_info=&#8221;{}&#8221;][et_pb_column type=&#8221;4_4&#8243; _builder_version=&#8221;4.16&#8243; custom_padding=&#8221;|||&#8221; global_colors_info=&#8221;{}&#8221; custom_padding__hover=&#8221;|||&#8221;][et_pb_text admin_label=&#8221;Text&#8221; _builder_version=&#8221;4.22.2&#8243; background_size=&#8221;initial&#8221; background_position=&#8221;top_left&#8221; background_repeat=&#8221;repeat&#8221; hover_enabled=&#8221;0&#8243; global_colors_info=&#8221;{}&#8221; text_font_size=&#8221;16px&#8221; text_line_height=&#8221;1.5em&#8221; sticky_enabled=&#8221;0&#8243;]<p><\/p>\n<figure class=\"wp-block-image size-large\"><img loading=\"lazy\" decoding=\"async\" width=\"768\" height=\"1024\" src=\"https:\/\/www.suomi-ranska.com\/kuopio\/wp-content\/uploads\/2023\/10\/F2C6BDB2-7A9F-4D23-99F4-ADF177D8FACA-768x1024.jpeg\" alt=\"\" class=\"wp-image-3158\" \/><\/figure>\n<p><\/p>\n<p><\/p>\n<p><\/p>\n<p><\/p>\n<ul class=\"wp-block-list\"><\/p>\n<li><span style=\"color: #000000;\">7.3.2018 klo 13 kuukausilounas kiinalaisessa ravintolassa Canton Hinissa (Kauppakatu 29).<\/span><\/li>\n<\/ul>\n<p><\/p>\n<p><\/p>\n<ul>\n<li><span style=\"color: #000000;\">22.3.2018\u00a0klo 18:00 vuosikokous Monikulttuurikeskus Kompassi (Hapel\u00e4hteenkatu 33). Kahvitarjoilu!<\/span><\/li>\n<\/ul>\n<p><\/p>\n<p><\/p>\n<ul>\n<li><span style=\"color: #000000;\">4.4.2018 klo 13 kuukausilounas ravintola Hurmassa (Kauppakatu 45), Apaja<\/span><\/li>\n<\/ul>\n<p><\/p>\n<p><\/p>\n<ul>\n<li><span style=\"color: #000000;\">21.4.2018 klo 11 ruokakurssi ja matkakertomuksia maailmalta Vanhassa Marttalassa<\/span><\/li>\n<\/ul>\n<p><\/p>\n<p><\/p>\n<ul>\n<li><span style=\"color: #000000;\">2.5.2018 klo 13 kuukausilounas,\u00a0Kuzina wine and daily \u2013 ravintolassa (Kauppakatu 13)<\/span><\/li>\n<\/ul>\n<p><\/p>\n<p><\/p>\n<ul>\n<li><span style=\"color: #000000;\">16.5.2018 klo 18 Juha Hyttinen pit\u00e4\u00e4 kuvaesityksen Paris et France nord 16 sept. &#8211; 4. oct, 2016 &#8211; Valokuvia Pohjois-Ranskan keskiajan goottilaisesta arkkitehtuurista ja muistakin tunnelmista. Suomenkielinen esitys on Monikulttuurikeskus Kompassissa (Hapel\u00e4hteenkatu 33)<\/span><\/li>\n<\/ul>\n<p><\/p>\n<p><\/p>\n<ul>\n<li><span style=\"color: #000000;\">Keskiviikkona 6.6. klo 17\u00a0perinteinen Cerclen kes\u00e4retki, jonka viet\u00e4mme risteillen Kuopion ihastuttavassa saaristossa. L\u00e4ht\u00f6 Koski-laivalla klo 17.00.\u00a0Puolentoista tunnin risteilyn j\u00e4lkeen hakeudumme nauttimaan ruoasta jossakin\u00a0Kuopion sataman ravintoloista. Risteilyn hinta 18 \u20ac, el\u00e4kel\u00e4iset 15 \u20ac.\u00a0<span class=\"Apple-converted-space\">\u00a0<\/span><\/span><\/li>\n<\/ul>\n<p><\/p>\n<p><\/p>\n<ul>\n<li><span class=\"Apple-converted-space\" style=\"color: #000000;\">Perjantaina 13.7. vietet\u00e4\u00e4n Ranskan kansallisp\u00e4iv\u00e4\u00e4 tai tarkemmin sanottuna kansallisp\u00e4iv\u00e4naattoa. Aatto juhlista jaloin. T\u00e4ll\u00e4 kertaa suuntaamme kes\u00e4iselle retkelle Koillis-Savoon klo 8.30 Maljalahdenkadulta. Tutustumme <a style=\"color: #000000;\" href=\"https:\/\/www.kaavi.fi\/telkkamaki\">Telkk\u00e4m\u00e4en kaskimuseoon<\/a>, <a style=\"color: #000000;\" href=\"http:\/\/www.pohjois-savonmuisti.fi\/kaavi1\/-\/asset_publisher\/Vr6V\/content\/juutilan-valimomuseo;jsessionid=E0BA033C089353D00CBE648D9CF3E1A1?redirect=http%3A%2F%2Fwww.pohjois-savonmuisti.fi%2Fkaavi1%3Bjsessionid%3DE0BA033C089353D00CBE648D9CF3E1A1%3Fp_p_id%3D101_INSTANCE_Vr6V%26p_p_lifecycle%3D0%26p_p_state%3Dnormal%26p_p_mode%3Dview%26p_p_col_id%3Dcolumn-2%26p_p_col_count%3D1\">Juutilan Valimomuseo<\/a> ja <a style=\"color: #000000;\" href=\"http:\/\/kuopionkaupunginosat.fi\/juankoski\">Juantehtaan ruukkialueeseen<\/a>. Tietenkin nautimme lounasta, virvokkeista ja tietenkin kes\u00e4isest\u00e4 luonnosta. Hinta 25 \u20ac + 10 \u20ac lounas Ruukin kievarissa. Ilmoittautuminen 30.6.2018 menness\u00e4 Cerclen s\u00e4hk\u00f6postiin.<\/span><\/li>\n<\/ul>\n<p><\/p>\n<p><\/p>\n<ul>\n<li><span class=\"Apple-converted-space\" style=\"color: #000000;\">Keskiviikkona 1.8.2018 klo 13\u00a0elokuun kuukausilounas ravintola Vanhassa Satamassa.\u00a0<span class=\"Apple-converted-space\">\u00a0<\/span><\/span><\/li>\n<\/ul>\n<p><\/p>\n<p><\/p>\n<ul>\n<li><span class=\"Apple-converted-space\" style=\"color: #000000;\"><span class=\"Apple-converted-space\">Keskiviikkona 5.9.2018 klo 13 syyskuun kuukausilounas ravintola Introssa.<\/span><\/span><\/li>\n<\/ul>\n<p><\/p>\n<p><\/p>\n<ul>\n<li><span class=\"Apple-converted-space\" style=\"color: #000000;\"><span class=\"Apple-converted-space\">Keskiviikkona 3.10.2018 klo 16 kuukausilounas ravintola HyggeBrossa (huom. poikkeuksellinen aika.)<\/span><\/span><\/li>\n<\/ul>\n<p><\/p>\n<p><\/p>\n<ul>\n<li><span class=\"Apple-converted-space\" style=\"color: #000000;\"><span class=\"Apple-converted-space\">Lauantaina 6.10.2018 kokkaillaan Vanhassa Marttalassa. Ruoanlaitto alkaa klo 11 ja klo 13 aikoihin alammme nauttia herkuista ja samalla kuuntelemme esityst\u00e4 kauppamerenkulun monipuolisesta maailmasta. Ruoat 20 \u20ac ja viinit 10 \u20ac.<\/span><\/span><\/li>\n<\/ul>\n<p><\/p>\n<p><\/p>\n<ul>\n<li><span class=\"Apple-converted-space\" style=\"color: #000000;\"><span class=\"Apple-converted-space\">Keskiviikkona 7.11.2018 klo 13 kuukausilounas ravintola Is\u00e4 Camillossa. Lounaan ohessa p\u00e4\u00e4semme tutustumaan ranskalaisten merkitykseen Sisilian historiassa.<\/span><\/span><\/li>\n<\/ul>\n<p><\/p>\n<p><\/p>\n<ul>\n<li><span class=\"Apple-converted-space\" style=\"color: #000000;\"><span class=\"Apple-converted-space\">Keskiviikkona 14.11.2018 klo 17.30 Kompassissa matkaamme Sveitsin halki Becanconiin ja Pariisin kautta kotiin. Matkakertomuksen kyytipoikana aiheeseen sopivaa juomaa ja pient\u00e4 herkuttelua. Ilmoittautumisen 9.11.2018 menness\u00e4 seuran s\u00e4hk\u00f6postiin.<\/span><\/span><\/li>\n<\/ul>\n<p><\/p>\n<p><\/p>\n<ul>\n<li><span class=\"Apple-converted-space\" style=\"color: #000000;\"><span class=\"Apple-converted-space\">Tiistaina 20.11.2018 klo 18.30 Puijon kirkossa p\u00e4\u00e4see nauttimaan t<span lang=\"FI\"><span style=\"font-size: medium;\">unnelmallisesta musiikista<b>. <\/b><\/span><span style=\"font-size: medium;\">Solistina on Anneli Pasanen ja muina esiintyjin\u00e4 Pikantti-kuoro sek\u00e4 Matti Ritvanen, piano.\u00a0<\/span><\/span><span lang=\"FI\"><span style=\"font-size: medium;\">Tilaisuuteen on vapaa p\u00e4\u00e4sy, k\u00e4siohjelma maksaa 10 \u20ac.<\/span><\/span><\/span><\/span><\/li>\n<\/ul>\n<p><\/p>\n<p><\/p>\n<ul>\n<li><span class=\"Apple-converted-space\" style=\"color: #000000;\"><span class=\"Apple-converted-space\"><span lang=\"FI\"><span style=\"font-size: medium;\">Lauantaina 24.11.2018 klo 11 alkaen Marttalassa kokkailemme j\u00e4lleen Beaujolais nouveau -teemalla klo 11 alkaen. Ruoat 15 \u20ac.<\/span><\/span><\/span><\/span><\/li>\n<\/ul>\n<p><\/p>\n<p><\/p>\n<ul>\n<li><span class=\"Apple-converted-space\" style=\"color: #000000;\"><span class=\"Apple-converted-space\"><span lang=\"FI\"><span style=\"font-size: medium;\">Keskiviikkona 12.12.2018 klo 13 kuukausilounas Grillson Steakhousen &amp; Barissa. (Huom. kuukauden toinen keskiviikko).<\/span><\/span><\/span><\/span><\/li>\n<\/ul>\n<p><\/p>\n<p><\/p>[\/et_pb_text][\/et_pb_column][\/et_pb_row][\/et_pb_section][et_pb_section fb_built=&#8221;1&#8243; _builder_version=&#8221;4.22.1&#8243; _module_preset=&#8221;default&#8221; background_color=&#8221;#ce1126&#8243; background_enable_image=&#8221;off&#8221; background_size=&#8221;contain&#8221; width=&#8221;100%&#8221; max_width=&#8221;100%&#8221; min_height=&#8221;334px&#8221; custom_padding=&#8221;||24px|||&#8221; saved_tabs=&#8221;all&#8221; global_colors_info=&#8221;{}&#8221; theme_builder_area=&#8221;post_content&#8221;][et_pb_row column_structure=&#8221;1_3,1_3,1_3&#8243; use_custom_gutter=&#8221;on&#8221; gutter_width=&#8221;2&#8243; _builder_version=&#8221;4.22.1&#8243; _module_preset=&#8221;default&#8221; width=&#8221;100%&#8221; max_width=&#8221;1540px&#8221; global_colors_info=&#8221;{}&#8221; theme_builder_area=&#8221;post_content&#8221;][et_pb_column type=&#8221;1_3&#8243; _builder_version=&#8221;4.22.1&#8243; _module_preset=&#8221;default&#8221; global_colors_info=&#8221;{}&#8221; theme_builder_area=&#8221;post_content&#8221;][et_pb_text _builder_version=&#8221;4.22.2&#8243; _module_preset=&#8221;default&#8221; text_font=&#8221;Lato||||||||&#8221; text_text_color=&#8221;#FFFFFF&#8221; text_font_size=&#8221;16px&#8221; link_font=&#8221;Lato|700|||||||&#8221; link_text_color=&#8221;#FFFFFF&#8221; text_orientation=&#8221;center&#8221; custom_margin=&#8221;20px|||0px|false|false&#8221; global_colors_info=&#8221;{}&#8221; theme_builder_area=&#8221;post_content&#8221;]<p style=\"text-align: center;\">Kuopion Suomi-Ranska yhdistys ry<br \/><a href=\"mailto:cercle.kuopio@gmail.com\" target=\"_blank\" rel=\"noopener\">cercle.kuopio (at) gmail.com<\/a><\/p>[\/et_pb_text][\/et_pb_column][et_pb_column type=&#8221;1_3&#8243; _builder_version=&#8221;4.22.1&#8243; _module_preset=&#8221;default&#8221; global_colors_info=&#8221;{}&#8221; theme_builder_area=&#8221;post_content&#8221;][et_pb_image src=&#8221;https:\/\/www.suomi-ranska.com\/kuopio\/wp-content\/uploads\/2023\/09\/heksagon-juhon-tekele.webp&#8221; title_text=&#8221;heksagon juhon tekele&#8221; show_bottom_space=&#8221;off&#8221; align=&#8221;center&#8221; _builder_version=&#8221;4.22.2&#8243; _module_preset=&#8221;default&#8221; width=&#8221;30%&#8221; width_tablet=&#8221;50%&#8221; width_phone=&#8221;46%&#8221; width_last_edited=&#8221;on|tablet&#8221; global_colors_info=&#8221;{}&#8221; theme_builder_area=&#8221;post_content&#8221;][\/et_pb_image][\/et_pb_column][et_pb_column type=&#8221;1_3&#8243; _builder_version=&#8221;4.22.1&#8243; _module_preset=&#8221;default&#8221; global_colors_info=&#8221;{}&#8221; theme_builder_area=&#8221;post_content&#8221;][et_pb_icon font_icon=&#8221;&#xf09a;||fa||400&#8243; icon_color=&#8221;#FFFFFF&#8221; icon_width=&#8221;34px&#8221; url=&#8221;https:\/\/www.facebook.com\/groups\/1649202232206980&#8243; url_new_window=&#8221;on&#8221; _builder_version=&#8221;4.22.2&#8243; _module_preset=&#8221;default&#8221; custom_margin=&#8221;20px||||false|false&#8221; global_colors_info=&#8221;{}&#8221; theme_builder_area=&#8221;post_content&#8221;][\/et_pb_icon][\/et_pb_column][\/et_pb_row][\/et_pb_section]","protected":false},"excerpt":{"rendered":"<p>[et_pb_section fb_built=&#8221;1&#8243; _builder_version=&#8221;4.22.2&#8243; _module_preset=&#8221;default&#8221; background_enable_color=&#8221;off&#8221; use_background_color_gradient=&#8221;on&#8221; background_color_gradient_stops=&#8221;#002654 0%|#ffffff 100%&#8221; background_enable_image=&#8221;off&#8221; background_size=&#8221;contain&#8221; width=&#8221;100%&#8221; max_width=&#8221;100%&#8221; custom_padding=&#8221;16px||24px|||&#8221; global_colors_info=&#8221;{}&#8221; theme_builder_area=&#8221;post_content&#8221;][et_pb_row column_structure=&#8221;1_3,1_3,1_3&#8243; _builder_version=&#8221;4.22.2&#8243; _module_preset=&#8221;default&#8221; max_width=&#8221;1920px&#8221; custom_padding=&#8221;||0px||false|false&#8221; global_colors_info=&#8221;{}&#8221; theme_builder_area=&#8221;post_content&#8221;][et_pb_column type=&#8221;1_3&#8243; _builder_version=&#8221;4.22.2&#8243; _module_preset=&#8221;default&#8221; custom_padding=&#8221;50px||||false|false&#8221; global_colors_info=&#8221;{}&#8221; theme_builder_area=&#8221;post_content&#8221;][et_pb_text _builder_version=&#8221;4.22.2&#8243; _module_preset=&#8221;default&#8221; header_font=&#8221;Lato|700|||||||&#8221; header_text_align=&#8221;center&#8221; header_text_color=&#8221;#FFFFFF&#8221; header_font_size=&#8221;40px&#8221; header_3_font=&#8221;Lato||||||||&#8221; header_3_text_align=&#8221;center&#8221; header_3_text_color=&#8221;#000000&#8243; header_3_font_size=&#8221;30px&#8221; header_3_line_height=&#8221;1.1em&#8221; custom_margin=&#8221;||0px|0px|false|false&#8221; custom_margin_tablet=&#8221;||0px|0px|false|false&#8221; custom_margin_phone=&#8221;||0px|0px|false|false&#8221; custom_margin_last_edited=&#8221;on|tablet&#8221; header_font_size_tablet=&#8221;40px&#8221; header_font_size_phone=&#8221;30px&#8221; header_font_size_last_edited=&#8221;on|tablet&#8221; global_colors_info=&#8221;{}&#8221; theme_builder_area=&#8221;post_content&#8221;] Tapahtumat 2018 [\/et_pb_text][\/et_pb_column][et_pb_column type=&#8221;1_3&#8243; _builder_version=&#8221;4.22.1&#8243; _module_preset=&#8221;default&#8221; [&hellip;]<\/p>\n","protected":false},"author":10,"featured_media":0,"parent":0,"menu_order":0,"comment_status":"closed","ping_status":"closed","template":"","meta":{"_acf_changed":false,"_et_pb_use_builder":"on","_et_pb_old_content":"<!-- wp:image {\"id\":3158,\"sizeSlug\":\"large\",\"linkDestination\":\"custom\"} -->\n<figure class=\"wp-block-image size-large\"><img src=\"https:\/\/www.suomi-ranska.com\/kuopio\/wp-content\/uploads\/2023\/10\/F2C6BDB2-7A9F-4D23-99F4-ADF177D8FACA-768x1024.jpeg\" alt=\"\" class=\"wp-image-3158\"\/><\/figure>\n<!-- \/wp:image -->\n\n<!-- wp:paragraph {\"align\":\"center\"} -->\n<p class=\"has-text-align-center\"><\/p>\n<!-- \/wp:paragraph -->\n\n<!-- wp:list -->\n<ul><!-- wp:list-item -->\n<li><span style=\"color: #000000;\">7.3.2018 klo 13 kuukausilounas kiinalaisessa ravintolassa Canton Hinissa (Kauppakatu 29).<\/span><\/li>\n<!-- \/wp:list-item -->\n\n<!-- wp:list-item -->\n<li><span style=\"color: #000000;\">22.3.2018&nbsp;klo 18:00 vuosikokous Monikulttuurikeskus Kompassi (Hapel\u00e4hteenkatu 33). Kahvitarjoilu!<\/span><\/li>\n<!-- \/wp:list-item -->\n\n<!-- wp:list-item -->\n<li><span style=\"color: #000000;\">4.4.2018 klo 13 kuukausilounas ravintola Hurmassa (Kauppakatu 45), Apaja<\/span><\/li>\n<!-- \/wp:list-item -->\n\n<!-- wp:list-item -->\n<li><span style=\"color: #000000;\">21.4.2018 klo 11 ruokakurssi ja matkakertomuksia maailmalta Vanhassa Marttalassa<\/span><\/li>\n<!-- \/wp:list-item -->\n\n<!-- wp:list-item -->\n<li><span style=\"color: #000000;\">2.5.2018 klo 13 kuukausilounas,&nbsp;Kuzina wine and daily \u2013 ravintolassa (Kauppakatu 13)<\/span><\/li>\n<!-- \/wp:list-item -->\n\n<!-- wp:list-item -->\n<li><span style=\"color: #000000;\">16.5.2018 klo 18 Juha Hyttinen pit\u00e4\u00e4 kuvaesityksen Paris et France nord 16 sept. - 4. oct, 2016 - Valokuvia Pohjois-Ranskan keskiajan goottilaisesta arkkitehtuurista ja muistakin tunnelmista. Suomenkielinen esitys on Monikulttuurikeskus Kompassissa (Hapel\u00e4hteenkatu 33)<\/span><\/li>\n<!-- \/wp:list-item -->\n\n<!-- wp:list-item -->\n<li><span style=\"color: #000000;\">Keskiviikkona 6.6. klo 17&nbsp;perinteinen Cerclen kes\u00e4retki, jonka viet\u00e4mme risteillen Kuopion ihastuttavassa saaristossa. L\u00e4ht\u00f6 Koski-laivalla klo 17.00.&nbsp;Puolentoista tunnin risteilyn j\u00e4lkeen hakeudumme nauttimaan ruoasta jossakin&nbsp;Kuopion sataman ravintoloista. Risteilyn hinta 18 \u20ac, el\u00e4kel\u00e4iset 15 \u20ac.&nbsp;<span class=\"Apple-converted-space\">&nbsp;<\/span><\/span><\/li>\n<!-- \/wp:list-item -->\n\n<!-- wp:list-item -->\n<li><span class=\"Apple-converted-space\" style=\"color: #000000;\">Perjantaina 13.7. vietet\u00e4\u00e4n Ranskan kansallisp\u00e4iv\u00e4\u00e4 tai tarkemmin sanottuna kansallisp\u00e4iv\u00e4naattoa. Aatto juhlista jaloin. T\u00e4ll\u00e4 kertaa suuntaamme kes\u00e4iselle retkelle Koillis-Savoon klo 8.30 Maljalahdenkadulta. Tutustumme <a style=\"color: #000000;\" href=\"https:\/\/www.kaavi.fi\/telkkamaki\">Telkk\u00e4m\u00e4en kaskimuseoon<\/a>, <a style=\"color: #000000;\" href=\"http:\/\/www.pohjois-savonmuisti.fi\/kaavi1\/-\/asset_publisher\/Vr6V\/content\/juutilan-valimomuseo;jsessionid=E0BA033C089353D00CBE648D9CF3E1A1?redirect=http%3A%2F%2Fwww.pohjois-savonmuisti.fi%2Fkaavi1%3Bjsessionid%3DE0BA033C089353D00CBE648D9CF3E1A1%3Fp_p_id%3D101_INSTANCE_Vr6V%26p_p_lifecycle%3D0%26p_p_state%3Dnormal%26p_p_mode%3Dview%26p_p_col_id%3Dcolumn-2%26p_p_col_count%3D1\">Juutilan Valimomuseo<\/a> ja <a style=\"color: #000000;\" href=\"http:\/\/kuopionkaupunginosat.fi\/juankoski\">Juantehtaan ruukkialueeseen<\/a>. Tietenkin nautimme lounasta, virvokkeista ja tietenkin kes\u00e4isest\u00e4 luonnosta. Hinta 25 \u20ac + 10 \u20ac lounas Ruukin kievarissa. Ilmoittautuminen 30.6.2018 menness\u00e4 Cerclen s\u00e4hk\u00f6postiin.<\/span><\/li>\n<!-- \/wp:list-item -->\n\n<!-- wp:list-item -->\n<li><span class=\"Apple-converted-space\" style=\"color: #000000;\">Keskiviikkona 1.8.2018 klo 13&nbsp;elokuun kuukausilounas ravintola Vanhassa Satamassa.&nbsp;<span class=\"Apple-converted-space\">&nbsp;<\/span><\/span><\/li>\n<!-- \/wp:list-item -->\n\n<!-- wp:list-item -->\n<li><span class=\"Apple-converted-space\" style=\"color: #000000;\"><span class=\"Apple-converted-space\">Keskiviikkona 5.9.2018 klo 13 syyskuun kuukausilounas ravintola Introssa.<\/span><\/span><\/li>\n<!-- \/wp:list-item -->\n\n<!-- wp:list-item -->\n<li><span class=\"Apple-converted-space\" style=\"color: #000000;\"><span class=\"Apple-converted-space\">Keskiviikkona 3.10.2018 klo 16 kuukausilounas ravintola HyggeBrossa (huom. poikkeuksellinen aika.)<\/span><\/span><\/li>\n<!-- \/wp:list-item -->\n\n<!-- wp:list-item -->\n<li><span class=\"Apple-converted-space\" style=\"color: #000000;\"><span class=\"Apple-converted-space\">Lauantaina 6.10.2018 kokkaillaan Vanhassa Marttalassa. Ruoanlaitto alkaa klo 11 ja klo 13 aikoihin alammme nauttia herkuista ja samalla kuuntelemme esityst\u00e4 kauppamerenkulun monipuolisesta maailmasta. Ruoat 20 \u20ac ja viinit 10 \u20ac.<\/span><\/span><\/li>\n<!-- \/wp:list-item -->\n\n<!-- wp:list-item -->\n<li><span class=\"Apple-converted-space\" style=\"color: #000000;\"><span class=\"Apple-converted-space\">Keskiviikkona 7.11.2018 klo 13 kuukausilounas ravintola Is\u00e4 Camillossa. Lounaan ohessa p\u00e4\u00e4semme tutustumaan ranskalaisten merkitykseen Sisilian historiassa.<\/span><\/span><\/li>\n<!-- \/wp:list-item -->\n\n<!-- wp:list-item -->\n<li><span class=\"Apple-converted-space\" style=\"color: #000000;\"><span class=\"Apple-converted-space\">Keskiviikkona 14.11.2018 klo 17.30 Kompassissa matkaamme Sveitsin halki Becanconiin ja Pariisin kautta kotiin. Matkakertomuksen kyytipoikana aiheeseen sopivaa juomaa ja pient\u00e4 herkuttelua. Ilmoittautumisen 9.11.2018 menness\u00e4 seuran s\u00e4hk\u00f6postiin.<\/span><\/span><\/li>\n<!-- \/wp:list-item -->\n\n<!-- wp:list-item -->\n<li><span class=\"Apple-converted-space\" style=\"color: #000000;\"><span class=\"Apple-converted-space\">Tiistaina 20.11.2018 klo 18.30 Puijon kirkossa p\u00e4\u00e4see nauttimaan t<span lang=\"FI\"><span style=\"font-size: medium;\">unnelmallisesta musiikista<b>. <\/b><\/span><span style=\"font-size: medium;\">Solistina on Anneli Pasanen ja muina esiintyjin\u00e4 Pikantti-kuoro sek\u00e4 Matti Ritvanen, piano.&nbsp;<\/span><\/span><span lang=\"FI\"><span style=\"font-size: medium;\">Tilaisuuteen on vapaa p\u00e4\u00e4sy, k\u00e4siohjelma maksaa 10 \u20ac.<\/span><\/span><\/span><\/span><\/li>\n<!-- \/wp:list-item -->\n\n<!-- wp:list-item -->\n<li><span class=\"Apple-converted-space\" style=\"color: #000000;\"><span class=\"Apple-converted-space\"><span lang=\"FI\"><span style=\"font-size: medium;\">Lauantaina 24.11.2018 klo 11 alkaen Marttalassa kokkailemme j\u00e4lleen Beaujolais nouveau -teemalla klo 11 alkaen. Ruoat 15 \u20ac.<\/span><\/span><\/span><\/span><\/li>\n<!-- \/wp:list-item -->\n\n<!-- wp:list-item -->\n<li><span class=\"Apple-converted-space\" style=\"color: #000000;\"><span class=\"Apple-converted-space\"><span lang=\"FI\"><span style=\"font-size: medium;\">Keskiviikkona 12.12.2018 klo 13 kuukausilounas Grillson Steakhousen &amp; Barissa. (Huom. kuukauden toinen keskiviikko).<\/span><\/span><\/span><\/span><\/li>\n<!-- \/wp:list-item --><\/ul>\n<!-- \/wp:list -->","_et_gb_content_width":"1080","footnotes":""},"class_list":["post-143","page","type-page","status-publish","hentry"],"acf":[],"_links":{"self":[{"href":"https:\/\/www.suomi-ranska.com\/kuopio\/wp-json\/wp\/v2\/pages\/143","targetHints":{"allow":["GET"]}}],"collection":[{"href":"https:\/\/www.suomi-ranska.com\/kuopio\/wp-json\/wp\/v2\/pages"}],"about":[{"href":"https:\/\/www.suomi-ranska.com\/kuopio\/wp-json\/wp\/v2\/types\/page"}],"author":[{"embeddable":true,"href":"https:\/\/www.suomi-ranska.com\/kuopio\/wp-json\/wp\/v2\/users\/10"}],"replies":[{"embeddable":true,"href":"https:\/\/www.suomi-ranska.com\/kuopio\/wp-json\/wp\/v2\/comments?post=143"}],"version-history":[{"count":4,"href":"https:\/\/www.suomi-ranska.com\/kuopio\/wp-json\/wp\/v2\/pages\/143\/revisions"}],"predecessor-version":[{"id":3367,"href":"https:\/\/www.suomi-ranska.com\/kuopio\/wp-json\/wp\/v2\/pages\/143\/revisions\/3367"}],"wp:attachment":[{"href":"https:\/\/www.suomi-ranska.com\/kuopio\/wp-json\/wp\/v2\/media?parent=143"}],"curies":[{"name":"wp","href":"https:\/\/api.w.org\/{rel}","templated":true}]}}