{"id":229,"date":"2019-04-24T10:25:52","date_gmt":"2019-04-24T07:25:52","guid":{"rendered":"https:\/\/www.suomi-ranska.com\/kuopio\/?page_id=229"},"modified":"2023-10-18T11:41:19","modified_gmt":"2023-10-18T08:41:19","slug":"kokkikurssi-7-11-2015","status":"publish","type":"page","link":"https:\/\/www.suomi-ranska.com\/kuopio\/kuvagalleria\/kokkikurssi-7-11-2015\/","title":{"rendered":"Kokkikurssi 7.11.2015"},"content":{"rendered":"\n<h3 class=\"wp-block-heading\">Cours de cuisine de Marjatta \u00e0 Marttala, Haapaniemenkatu 23<\/h3>\n\n\n\n<p>Menu:<\/p>\n\n\n\n<ul class=\"wp-block-list\">\n<li>Ap\u00e9ro, Jus de carotte et pomme<\/li>\n\n\n\n<li>Salade de couscous aux l\u00e9gumes<\/li>\n\n\n\n<li>Timbales de brochet et saumon fum\u00e9, Pur\u00e9 mousseline de potimaron<\/li>\n\n\n\n<li>Tartelette amendine et poire cuite au sirop de framboises. Cr\u00e8me gla\u00e7\u00e9e vanille<\/li>\n\n\n\n<li>Caf\u00e9<\/li>\n\n\n\n<li>Vin blanc (Sauvignon ) et rouge (kevyt C\u00f4tes du Rh\u00f4ne)<\/li>\n<\/ul>\n\n\n\n<figure class=\"wp-block-image size-large\"><img loading=\"lazy\" decoding=\"async\" width=\"768\" height=\"1024\" src=\"https:\/\/www.suomi-ranska.com\/kuopio\/wp-content\/uploads\/2023\/10\/kokkikurssi_2015-11-7_1-768x1024.jpg\" alt=\"\" class=\"wp-image-3193\"\/><\/figure>\n\n\n\n<figure class=\"wp-block-image size-large\"><img loading=\"lazy\" decoding=\"async\" width=\"768\" height=\"1024\" src=\"https:\/\/www.suomi-ranska.com\/kuopio\/wp-content\/uploads\/2023\/10\/kokkikurssi_2015-11-7_2-768x1024.jpg\" alt=\"\" class=\"wp-image-3194\"\/><\/figure>\n\n\n\n<p>Kuvat: Annu Jauhiainen<\/p>\n","protected":false},"excerpt":{"rendered":"<p>Cours de cuisine de Marjatta \u00e0 Marttala, Haapaniemenkatu 23 Menu: Kuvat: Annu Jauhiainen<\/p>\n","protected":false},"author":10,"featured_media":0,"parent":3338,"menu_order":0,"comment_status":"closed","ping_status":"closed","template":"","meta":{"_acf_changed":false,"_et_pb_use_builder":"","_et_pb_old_content":"","_et_gb_content_width":"1080","footnotes":""},"class_list":["post-229","page","type-page","status-publish","hentry"],"acf":[],"_links":{"self":[{"href":"https:\/\/www.suomi-ranska.com\/kuopio\/wp-json\/wp\/v2\/pages\/229","targetHints":{"allow":["GET"]}}],"collection":[{"href":"https:\/\/www.suomi-ranska.com\/kuopio\/wp-json\/wp\/v2\/pages"}],"about":[{"href":"https:\/\/www.suomi-ranska.com\/kuopio\/wp-json\/wp\/v2\/types\/page"}],"author":[{"embeddable":true,"href":"https:\/\/www.suomi-ranska.com\/kuopio\/wp-json\/wp\/v2\/users\/10"}],"replies":[{"embeddable":true,"href":"https:\/\/www.suomi-ranska.com\/kuopio\/wp-json\/wp\/v2\/comments?post=229"}],"version-history":[{"count":2,"href":"https:\/\/www.suomi-ranska.com\/kuopio\/wp-json\/wp\/v2\/pages\/229\/revisions"}],"predecessor-version":[{"id":3290,"href":"https:\/\/www.suomi-ranska.com\/kuopio\/wp-json\/wp\/v2\/pages\/229\/revisions\/3290"}],"up":[{"embeddable":true,"href":"https:\/\/www.suomi-ranska.com\/kuopio\/wp-json\/wp\/v2\/pages\/3338"}],"wp:attachment":[{"href":"https:\/\/www.suomi-ranska.com\/kuopio\/wp-json\/wp\/v2\/media?parent=229"}],"curies":[{"name":"wp","href":"https:\/\/api.w.org\/{rel}","templated":true}]}}