{"id":3338,"date":"2023-10-18T11:33:48","date_gmt":"2023-10-18T08:33:48","guid":{"rendered":"https:\/\/www.suomi-ranska.com\/kuopio\/?page_id=3338"},"modified":"2026-01-13T12:21:21","modified_gmt":"2026-01-13T09:21:21","slug":"kuvagalleria","status":"publish","type":"page","link":"https:\/\/www.suomi-ranska.com\/kuopio\/kuvagalleria\/","title":{"rendered":"Kuvagalleria"},"content":{"rendered":"<p>[et_pb_section fb_built=&#8221;1&#8243; _builder_version=&#8221;4.22.2&#8243; _module_preset=&#8221;default&#8221; background_enable_color=&#8221;off&#8221; use_background_color_gradient=&#8221;on&#8221; background_color_gradient_stops=&#8221;#002654 0%|#ffffff 100%&#8221; background_enable_image=&#8221;off&#8221; background_size=&#8221;contain&#8221; width=&#8221;100%&#8221; max_width=&#8221;100%&#8221; custom_padding=&#8221;16px||24px|||&#8221; global_colors_info=&#8221;{}&#8221;][et_pb_row column_structure=&#8221;1_3,1_3,1_3&#8243; _builder_version=&#8221;4.22.2&#8243; _module_preset=&#8221;default&#8221; max_width=&#8221;1920px&#8221; custom_padding=&#8221;||0px||false|false&#8221; global_colors_info=&#8221;{}&#8221;][et_pb_column type=&#8221;1_3&#8243; _builder_version=&#8221;4.22.2&#8243; _module_preset=&#8221;default&#8221; custom_padding=&#8221;50px||||false|false&#8221; global_colors_info=&#8221;{}&#8221;][et_pb_text _builder_version=&#8221;4.22.2&#8243; _module_preset=&#8221;default&#8221; header_font=&#8221;Lato|700|||||||&#8221; header_text_align=&#8221;center&#8221; header_text_color=&#8221;#FFFFFF&#8221; header_font_size=&#8221;40px&#8221; header_3_font=&#8221;Lato||||||||&#8221; header_3_text_align=&#8221;center&#8221; header_3_text_color=&#8221;#000000&#8243; header_3_font_size=&#8221;30px&#8221; header_3_line_height=&#8221;1.1em&#8221; custom_margin=&#8221;||0px|0px|false|false&#8221; custom_margin_tablet=&#8221;||0px|0px|false|false&#8221; custom_margin_phone=&#8221;||0px|0px|false|false&#8221; custom_margin_last_edited=&#8221;on|tablet&#8221; header_font_size_tablet=&#8221;40px&#8221; header_font_size_phone=&#8221;30px&#8221; header_font_size_last_edited=&#8221;on|tablet&#8221; global_colors_info=&#8221;{}&#8221;]<\/p>\n<h1 class=\"centerer\">Kuvagalleria<\/h1>\n<p>[\/et_pb_text][\/et_pb_column][et_pb_column type=&#8221;1_3&#8243; _builder_version=&#8221;4.22.1&#8243; _module_preset=&#8221;default&#8221; global_colors_info=&#8221;{}&#8221;][et_pb_image src=&#8221;https:\/\/www.suomi-ranska.com\/kuopio\/wp-content\/uploads\/2023\/10\/Kuopio-1.webp&#8221; title_text=&#8221;Kuopio&#8221; align=&#8221;center&#8221; align_tablet=&#8221;center&#8221; align_phone=&#8221;center&#8221; align_last_edited=&#8221;on|desktop&#8221; _builder_version=&#8221;4.22.2&#8243; _module_preset=&#8221;default&#8221; max_height=&#8221;148px&#8221; global_colors_info=&#8221;{}&#8221;][\/et_pb_image][\/et_pb_column][et_pb_column type=&#8221;1_3&#8243; _builder_version=&#8221;4.22.1&#8243; _module_preset=&#8221;default&#8221; global_colors_info=&#8221;{}&#8221;][et_pb_text _builder_version=&#8221;4.22.2&#8243; _module_preset=&#8221;default&#8221; header_2_font=&#8221;Lato|700|||||||&#8221; header_2_text_align=&#8221;left&#8221; header_2_text_color=&#8221;#002654&#8243; header_2_font_size=&#8221;18px&#8221; custom_margin=&#8221;50px||||false|false&#8221; global_colors_info=&#8221;{}&#8221;]<\/p>\n<h2 class=\"centerer\" style=\"text-align: center;\"><span id=\"french-title\">Kuopion Suomi-Ranska yhdistys ry<\/span><\/h2>\n<p>[\/et_pb_text][\/et_pb_column][\/et_pb_row][\/et_pb_section][et_pb_section fb_built=&#8221;1&#8243; _builder_version=&#8221;4.22.2&#8243; _module_preset=&#8221;default&#8221; global_colors_info=&#8221;{}&#8221;][et_pb_row _builder_version=&#8221;4.22.2&#8243; _module_preset=&#8221;default&#8221; global_colors_info=&#8221;{}&#8221;][et_pb_column type=&#8221;4_4&#8243; _builder_version=&#8221;4.22.2&#8243; _module_preset=&#8221;default&#8221; global_colors_info=&#8221;{}&#8221;][et_pb_text _builder_version=&#8221;4.27.0&#8243; _module_preset=&#8221;default&#8221; custom_padding=&#8221;3px|||||&#8221; global_colors_info=&#8221;{}&#8221;]<\/p>\n<ul>\n<li>\n<h2><a href=\"https:\/\/www.suomi-ranska.com\/kuopio\/kuvagalleria\/la-fete-des-rois-10-1-2026\/\"><span style=\"font-size: x-large;\"><\/span><span style=\"font-size: x-large;\"><\/span>La F\u00eate des Rois 10.1.2026<\/a><\/h2>\n<\/li>\n<li>\n<h2><a href=\"https:\/\/www.suomi-ranska.com\/kuopio\/la-fete-des-rois-11-1-2025\/\" style=\"font-size: x-large;\"><\/a><a href=\"https:\/\/www.suomi-ranska.com\/kuopio\/soiree-beaujolais-21-11-2025\/\"><span style=\"font-size: x-large;\">Soiree Beaujolais 21.11.2025<\/span><\/a><\/h2>\n<\/li>\n<li>\n<h2><span style=\"font-size: x-large;\"><a href=\"https:\/\/www.suomi-ranska.com\/kuopio\/enluminure-nayttelyn-avajaiset-18-8-2025\/\">Enluminure-n\u00e4yttelyn avajaiset 18.8.2025<\/a> <\/span><\/h2>\n<\/li>\n<li>\n<h2><a href=\"https:\/\/www.suomi-ranska.com\/kuopio\/kesaretki-lapinlahdelle-12-7-2025\/\"><span style=\"font-size: x-large;\">Kes\u00e4retki Lapinlahdelle 12.7.2025<\/span><\/a><\/h2>\n<p><span style=\"font-size: x-large;\"><\/span><\/p>\n<\/li>\n<li>\n<h2><a href=\"https:\/\/www.suomi-ranska.com\/kuopio\/marie-francoisen-enluminure-taideteokset\/\"><span style=\"font-size: x-large;\">Marie-Francoisen enluminare-teosten luovutus 8.-9.5.2025<\/span><\/a><\/h2>\n<\/li>\n<li>\n<h2><span style=\"font-size: x-large;\"><a href=\"https:\/\/www.suomi-ranska.com\/kuopio\/la-fete-des-rois-11-1-2025\/\">La F\u00eate des Rois 11.1.2025<\/a><\/span><\/h2>\n<\/li>\n<li>\n<h2><a href=\"https:\/\/www.suomi-ranska.com\/kuopio\/soiree-beaujolais-22-11-2024\/\"><span style=\"font-size: x-large;\">Soiree Beaujolais 22.11.2024<\/span><\/a><\/h2>\n<\/li>\n<li>\n<h2><a href=\"https:\/\/www.suomi-ranska.com\/kuopio\/fete-nationale-francaise-2024\/\"><span style=\"font-size: x-large;\">F\u00eate Nationale Fran\u00e7aise 2024<\/span><\/a><\/h2>\n<\/li>\n<li>\n<h3><a href=\"https:\/\/www.suomi-ranska.com\/kuopio\/loppiaisjuhla-13-1-2024\/\">Loppiaisjuhla 13.1.2024<\/a><\/h3>\n<\/li>\n<li>\n<h3><a href=\"https:\/\/www.suomi-ranska.com\/kuopio\/soiree-beaujolais-16-11-2023\/\">Soiree Beaujolais 16.11.2023<\/a><\/h3>\n<\/li>\n<li>\n<h3><a href=\"https:\/\/www.suomi-ranska.com\/kuopio\/kesaretki-valamoon-5-8-2023\/\">Kes\u00e4retki Valamoon 5.8.2023<\/a><\/h3>\n<\/li>\n<li>\n<h3><a href=\"https:\/\/www.suomi-ranska.com\/kuopio\/kuvagalleria\/fete-national-14-7-2023-villa-hallmanissa\/\">F\u00eate Nationale 14.7.2023<\/a><\/h3>\n<\/li>\n<li>\n<h3><a href=\"https:\/\/www.suomi-ranska.com\/kuopio\/kesaretki-sorsakosken-lammastilalle-8-8-2020\/\">Kes\u00e4retki Sorsakosken lammastilalle 8.8.2020<\/a><\/h3>\n<\/li>\n<li>\n<h3><a href=\"https:\/\/www.suomi-ranska.com\/kuopio\/kesaretki-14-7-2019\/\">Kes\u00e4retki Kaaville 14.7.2019<\/a><\/h3>\n<\/li>\n<li>\n<h3><a href=\"https:\/\/www.suomi-ranska.com\/kuopio\/kuvagalleria\/kesaretki-13-7-2018\/\">Kes\u00e4retki It\u00e4-Savoon 13.7.2018<\/a><\/h3>\n<\/li>\n<li>\n<h3><a href=\"https:\/\/www.suomi-ranska.com\/kuopio\/kuvagalleria\/kokkikurssi-11-11-2017\/\">Kokkikurssi 11.11.2017<\/a><\/h3>\n<\/li>\n<li>\n<h3><a href=\"https:\/\/www.suomi-ranska.com\/kuopio\/kuvagalleria\/kesaretki-6-6-2017\/\">Kes\u00e4retki 6.6.2017<\/a><\/h3>\n<\/li>\n<li>\n<h3><a href=\"https:\/\/www.suomi-ranska.com\/kuopio\/kuvagalleria\/60-vuotisjuhla-8-4-2017\/\">60-vuotisjuhla 8.4.2017<\/a><\/h3>\n<\/li>\n<li>\n<h3><a href=\"https:\/\/www.suomi-ranska.com\/kuopio\/kuvagalleria\/ystavanpaivajuhla-11-2-2017\/\">Yst\u00e4v\u00e4np\u00e4iv\u00e4juhla 11.2.2017<\/a><\/h3>\n<\/li>\n<li>\n<h3><a href=\"https:\/\/www.suomi-ranska.com\/kuopio\/kuvagalleria\/kokkikurssi-1-10-2016\/\">Kokkikurssi 1.10.2016<\/a><\/h3>\n<\/li>\n<li>\n<h3><a href=\"https:\/\/www.suomi-ranska.com\/kuopio\/mon-paris-secret\/\">Mon Paris Secret 30.3.2016<\/a><\/h3>\n<\/li>\n<li>\n<h3><a href=\"https:\/\/www.suomi-ranska.com\/kuopio\/kuvagalleria\/kokkikurssi-12-3-2016\/\">Kokkikurssi 12.3.2016\u00a0<\/a><\/h3>\n<\/li>\n<li>\n<h3><a href=\"https:\/\/www.suomi-ranska.com\/kuopio\/?page_id=236&amp;preview=true\">Beaujolais Nouveau 19.11.2015<\/a><\/h3>\n<\/li>\n<li>\n<h3><a href=\"https:\/\/www.suomi-ranska.com\/kuopio\/?page_id=229&amp;preview=true\">Kokkikurssi 7.11.2015<\/a><\/h3>\n<\/li>\n<li>\n<h3><a href=\"https:\/\/www.suomi-ranska.com\/kuopio\/kuvagalleria\/suurlahettilaan-vierailu-16-5-2014\/\">Ranskan suurl\u00e4hettil\u00e4\u00e4n vierailu 16.5.2015<\/a><\/h3>\n<\/li>\n<li>\n<h3><a href=\"https:\/\/www.suomi-ranska.com\/kuopio\/?page_id=212&amp;preview=true\">Kokkikurssi 2014<\/a><\/h3>\n<\/li>\n<\/ul>\n<p>[\/et_pb_text][\/et_pb_column][\/et_pb_row][\/et_pb_section][et_pb_section fb_built=&#8221;1&#8243; _builder_version=&#8221;4.22.1&#8243; _module_preset=&#8221;default&#8221; background_color=&#8221;#ce1126&#8243; background_enable_image=&#8221;off&#8221; background_size=&#8221;contain&#8221; width=&#8221;100%&#8221; max_width=&#8221;100%&#8221; min_height=&#8221;334px&#8221; custom_padding=&#8221;||24px|||&#8221; saved_tabs=&#8221;all&#8221; global_colors_info=&#8221;{}&#8221;][et_pb_row column_structure=&#8221;1_3,1_3,1_3&#8243; use_custom_gutter=&#8221;on&#8221; gutter_width=&#8221;2&#8243; _builder_version=&#8221;4.22.1&#8243; _module_preset=&#8221;default&#8221; width=&#8221;100%&#8221; max_width=&#8221;1540px&#8221; global_colors_info=&#8221;{}&#8221;][et_pb_column type=&#8221;1_3&#8243; _builder_version=&#8221;4.22.1&#8243; _module_preset=&#8221;default&#8221; global_colors_info=&#8221;{}&#8221;][et_pb_text _builder_version=&#8221;4.22.2&#8243; _module_preset=&#8221;default&#8221; text_font=&#8221;Lato||||||||&#8221; text_text_color=&#8221;#FFFFFF&#8221; text_font_size=&#8221;16px&#8221; link_font=&#8221;Lato|700|||||||&#8221; link_text_color=&#8221;#FFFFFF&#8221; text_orientation=&#8221;center&#8221; custom_margin=&#8221;20px|||0px|false|false&#8221; global_colors_info=&#8221;{}&#8221;]<\/p>\n<p style=\"text-align: center;\">Kuopion Suomi-Ranska yhdistys ry<br \/><a href=\"mailto:cercle.kuopio@gmail.com\" target=\"_blank\" rel=\"noopener\">cercle.kuopio (at) gmail.com<\/a><\/p>\n<p>[\/et_pb_text][\/et_pb_column][et_pb_column type=&#8221;1_3&#8243; _builder_version=&#8221;4.22.1&#8243; _module_preset=&#8221;default&#8221; global_colors_info=&#8221;{}&#8221;][et_pb_image src=&#8221;https:\/\/www.suomi-ranska.com\/kuopio\/wp-content\/uploads\/2023\/09\/heksagon-juhon-tekele.webp&#8221; title_text=&#8221;heksagon juhon tekele&#8221; show_bottom_space=&#8221;off&#8221; align=&#8221;center&#8221; _builder_version=&#8221;4.22.2&#8243; _module_preset=&#8221;default&#8221; width=&#8221;30%&#8221; width_tablet=&#8221;50%&#8221; width_phone=&#8221;46%&#8221; width_last_edited=&#8221;on|tablet&#8221; global_colors_info=&#8221;{}&#8221;][\/et_pb_image][\/et_pb_column][et_pb_column type=&#8221;1_3&#8243; _builder_version=&#8221;4.22.1&#8243; _module_preset=&#8221;default&#8221; global_colors_info=&#8221;{}&#8221;][et_pb_icon font_icon=&#8221;&#xf09a;||fa||400&#8243; icon_color=&#8221;#FFFFFF&#8221; icon_width=&#8221;34px&#8221; url=&#8221;https:\/\/www.facebook.com\/groups\/1649202232206980&#8243; url_new_window=&#8221;on&#8221; _builder_version=&#8221;4.22.2&#8243; _module_preset=&#8221;default&#8221; custom_margin=&#8221;20px||||false|false&#8221; global_colors_info=&#8221;{}&#8221;][\/et_pb_icon][\/et_pb_column][\/et_pb_row][\/et_pb_section]<\/p>\n","protected":false},"excerpt":{"rendered":"<p>KuvagalleriaKuopion Suomi-Ranska yhdistys ry La F\u00eate des Rois 10.1.2026 Soiree Beaujolais 21.11.2025 Enluminure-n\u00e4yttelyn avajaiset 18.8.2025 Kes\u00e4retki Lapinlahdelle 12.7.2025 Marie-Francoisen enluminare-teosten luovutus 8.-9.5.2025 La F\u00eate des Rois 11.1.2025 Soiree Beaujolais 22.11.2024 F\u00eate Nationale Fran\u00e7aise 2024 Loppiaisjuhla 13.1.2024 Soiree Beaujolais 16.11.2023 Kes\u00e4retki Valamoon 5.8.2023 F\u00eate Nationale 14.7.2023 Kes\u00e4retki Sorsakosken lammastilalle 8.8.2020 Kes\u00e4retki Kaaville 14.7.2019 Kes\u00e4retki It\u00e4-Savoon 13.7.2018 [&hellip;]<\/p>\n","protected":false},"author":1,"featured_media":0,"parent":0,"menu_order":0,"comment_status":"closed","ping_status":"closed","template":"","meta":{"_acf_changed":false,"_et_pb_use_builder":"on","_et_pb_old_content":"","_et_gb_content_width":"","footnotes":""},"class_list":["post-3338","page","type-page","status-publish","hentry"],"acf":[],"_links":{"self":[{"href":"https:\/\/www.suomi-ranska.com\/kuopio\/wp-json\/wp\/v2\/pages\/3338","targetHints":{"allow":["GET"]}}],"collection":[{"href":"https:\/\/www.suomi-ranska.com\/kuopio\/wp-json\/wp\/v2\/pages"}],"about":[{"href":"https:\/\/www.suomi-ranska.com\/kuopio\/wp-json\/wp\/v2\/types\/page"}],"author":[{"embeddable":true,"href":"https:\/\/www.suomi-ranska.com\/kuopio\/wp-json\/wp\/v2\/users\/1"}],"replies":[{"embeddable":true,"href":"https:\/\/www.suomi-ranska.com\/kuopio\/wp-json\/wp\/v2\/comments?post=3338"}],"version-history":[{"count":27,"href":"https:\/\/www.suomi-ranska.com\/kuopio\/wp-json\/wp\/v2\/pages\/3338\/revisions"}],"predecessor-version":[{"id":3975,"href":"https:\/\/www.suomi-ranska.com\/kuopio\/wp-json\/wp\/v2\/pages\/3338\/revisions\/3975"}],"wp:attachment":[{"href":"https:\/\/www.suomi-ranska.com\/kuopio\/wp-json\/wp\/v2\/media?parent=3338"}],"curies":[{"name":"wp","href":"https:\/\/api.w.org\/{rel}","templated":true}]}}