{"id":3604,"date":"2024-08-10T10:59:32","date_gmt":"2024-08-10T07:59:32","guid":{"rendered":"https:\/\/www.suomi-ranska.com\/kuopio\/?page_id=3604"},"modified":"2026-01-12T18:43:03","modified_gmt":"2026-01-12T15:43:03","slug":"fete-nationale-francaise-2024","status":"publish","type":"page","link":"https:\/\/www.suomi-ranska.com\/kuopio\/kuvagalleria\/fete-nationale-francaise-2024\/","title":{"rendered":"F\u00eate Nationale Fran\u00e7aise 2024"},"content":{"rendered":"\n<p class=\"has-medium-font-size\">T\u00e4n\u00e4 vuonna juhlimme Ranskan kansallisp\u00e4iv\u00e4\u00e4 poikkeuksellisesti jo lauantaina 13.7.2024. Parikymment\u00e4 cerclel\u00e4ist\u00e4 kokoontui ravintola Kummiset\u00e4\u00e4n nauttimaan yhdess\u00e4olosta, herkullisesta ateriasta ja l\u00e4mpim\u00e4st\u00e4 kes\u00e4p\u00e4iv\u00e4st\u00e4.<\/p>\n\n\n\n<p>Kuvat: Birgitta ja Petri Kangasperko, Aira ja Risto Turunen<\/p>\n\n\n\n<figure class=\"wp-block-image size-large\"><img loading=\"lazy\" decoding=\"async\" width=\"1024\" height=\"570\" src=\"https:\/\/www.suomi-ranska.com\/kuopio\/wp-content\/uploads\/2024\/08\/Fete-Nationale-2-1024x570.jpeg\" alt=\"\" class=\"wp-image-3600\" srcset=\"https:\/\/www.suomi-ranska.com\/kuopio\/wp-content\/uploads\/2024\/08\/Fete-Nationale-2-980x545.jpeg 980w, https:\/\/www.suomi-ranska.com\/kuopio\/wp-content\/uploads\/2024\/08\/Fete-Nationale-2-480x267.jpeg 480w\" sizes=\"(min-width: 0px) and (max-width: 480px) 480px, (min-width: 481px) and (max-width: 980px) 980px, (min-width: 981px) 1024px, 100vw\" \/><\/figure>\n\n\n\n<figure class=\"wp-block-image size-large\"><img loading=\"lazy\" decoding=\"async\" width=\"1024\" height=\"768\" src=\"https:\/\/www.suomi-ranska.com\/kuopio\/wp-content\/uploads\/2024\/08\/Fete-Nationale-1-1024x768.jpeg\" alt=\"\" class=\"wp-image-3599\" srcset=\"https:\/\/www.suomi-ranska.com\/kuopio\/wp-content\/uploads\/2024\/08\/Fete-Nationale-1-980x735.jpeg 980w, https:\/\/www.suomi-ranska.com\/kuopio\/wp-content\/uploads\/2024\/08\/Fete-Nationale-1-480x360.jpeg 480w\" sizes=\"(min-width: 0px) and (max-width: 480px) 480px, (min-width: 481px) and (max-width: 980px) 980px, (min-width: 981px) 1024px, 100vw\" \/><\/figure>\n\n\n\n<figure class=\"wp-block-image size-large\"><img loading=\"lazy\" decoding=\"async\" width=\"1024\" height=\"578\" src=\"https:\/\/www.suomi-ranska.com\/kuopio\/wp-content\/uploads\/2024\/08\/Fete-Nationale-4-1024x578.jpeg\" alt=\"\" class=\"wp-image-3602\" srcset=\"https:\/\/www.suomi-ranska.com\/kuopio\/wp-content\/uploads\/2024\/08\/Fete-Nationale-4-980x553.jpeg 980w, https:\/\/www.suomi-ranska.com\/kuopio\/wp-content\/uploads\/2024\/08\/Fete-Nationale-4-480x271.jpeg 480w\" sizes=\"(min-width: 0px) and (max-width: 480px) 480px, (min-width: 481px) and (max-width: 980px) 980px, (min-width: 981px) 1024px, 100vw\" \/><\/figure>\n\n\n\n<figure class=\"wp-block-image size-large\"><img loading=\"lazy\" decoding=\"async\" width=\"1024\" height=\"822\" src=\"https:\/\/www.suomi-ranska.com\/kuopio\/wp-content\/uploads\/2024\/08\/Fete-Nationale-3-1024x822.jpeg\" alt=\"\" class=\"wp-image-3601\" srcset=\"https:\/\/www.suomi-ranska.com\/kuopio\/wp-content\/uploads\/2024\/08\/Fete-Nationale-3-980x786.jpeg 980w, https:\/\/www.suomi-ranska.com\/kuopio\/wp-content\/uploads\/2024\/08\/Fete-Nationale-3-480x385.jpeg 480w\" sizes=\"(min-width: 0px) and (max-width: 480px) 480px, (min-width: 481px) and (max-width: 980px) 980px, (min-width: 981px) 1024px, 100vw\" \/><\/figure>\n\n\n\n<p class=\"has-medium-font-size\"><\/p>\n","protected":false},"excerpt":{"rendered":"<p>T\u00e4n\u00e4 vuonna juhlimme Ranskan kansallisp\u00e4iv\u00e4\u00e4 poikkeuksellisesti jo lauantaina 13.7.2024. Parikymment\u00e4 cerclel\u00e4ist\u00e4 kokoontui ravintola Kummiset\u00e4\u00e4n nauttimaan yhdess\u00e4olosta, herkullisesta ateriasta ja l\u00e4mpim\u00e4st\u00e4 kes\u00e4p\u00e4iv\u00e4st\u00e4. Kuvat: Birgitta ja Petri Kangasperko, Aira ja Risto Turunen<\/p>\n","protected":false},"author":10,"featured_media":0,"parent":3338,"menu_order":0,"comment_status":"closed","ping_status":"closed","template":"","meta":{"_acf_changed":false,"_et_pb_use_builder":"off","_et_pb_old_content":"","_et_gb_content_width":"","footnotes":""},"class_list":["post-3604","page","type-page","status-publish","hentry"],"acf":[],"_links":{"self":[{"href":"https:\/\/www.suomi-ranska.com\/kuopio\/wp-json\/wp\/v2\/pages\/3604","targetHints":{"allow":["GET"]}}],"collection":[{"href":"https:\/\/www.suomi-ranska.com\/kuopio\/wp-json\/wp\/v2\/pages"}],"about":[{"href":"https:\/\/www.suomi-ranska.com\/kuopio\/wp-json\/wp\/v2\/types\/page"}],"author":[{"embeddable":true,"href":"https:\/\/www.suomi-ranska.com\/kuopio\/wp-json\/wp\/v2\/users\/10"}],"replies":[{"embeddable":true,"href":"https:\/\/www.suomi-ranska.com\/kuopio\/wp-json\/wp\/v2\/comments?post=3604"}],"version-history":[{"count":5,"href":"https:\/\/www.suomi-ranska.com\/kuopio\/wp-json\/wp\/v2\/pages\/3604\/revisions"}],"predecessor-version":[{"id":3609,"href":"https:\/\/www.suomi-ranska.com\/kuopio\/wp-json\/wp\/v2\/pages\/3604\/revisions\/3609"}],"up":[{"embeddable":true,"href":"https:\/\/www.suomi-ranska.com\/kuopio\/wp-json\/wp\/v2\/pages\/3338"}],"wp:attachment":[{"href":"https:\/\/www.suomi-ranska.com\/kuopio\/wp-json\/wp\/v2\/media?parent=3604"}],"curies":[{"name":"wp","href":"https:\/\/api.w.org\/{rel}","templated":true}]}}