{"id":3654,"date":"2024-11-25T14:33:05","date_gmt":"2024-11-25T11:33:05","guid":{"rendered":"https:\/\/www.suomi-ranska.com\/kuopio\/?page_id=3654"},"modified":"2026-01-13T12:28:06","modified_gmt":"2026-01-13T09:28:06","slug":"soiree-beaujolais-22-11-2024","status":"publish","type":"page","link":"https:\/\/www.suomi-ranska.com\/kuopio\/kuvagalleria\/soiree-beaujolais-22-11-2024\/","title":{"rendered":"Soiree Beaujolais 22.11.2024"},"content":{"rendered":"\n<p style=\"font-size:19px\"><strong>Le Beaujolais Nouveau est arriv\u00e9!<\/strong><\/p>\n\n\n\n<p style=\"font-size:19px\">Comme chaque ann\u00e9e, au troisi\u00e8me jeudi du mois de novembre, c&#8217;est arriv\u00e9e sur nos tables.<\/p>\n\n\n\n<p style=\"font-size:19px\">Kuopion Suomi-Ranska Yhdistys vietti Beaujolais Nouveau iltaa perjantaina 22.11. Marjatta ja Patrick olivat taas loihtineet meille herkut, joita saimme nauttia uusia viinej\u00e4 maistellessamme. Saatiin kuulla my\u00f6s ajankohtaisia tietoja SRYLin syysliittokokouksesta sek\u00e4 kokemuksia Ranskan matkoilta. Uusia j\u00e4seni\u00e4kin oli mukana!<\/p>\n\n\n\n<p style=\"font-size:19px\">Ce fut une soir\u00e9e amusante et d\u00e9licieuse !<\/p>\n\n\n\n<figure class=\"wp-block-image size-large is-resized\"><img loading=\"lazy\" decoding=\"async\" width=\"1024\" height=\"768\" src=\"https:\/\/www.suomi-ranska.com\/kuopio\/wp-content\/uploads\/2024\/11\/Beaujolais-Nouveau_1-1024x768.jpeg\" alt=\"\" class=\"wp-image-3639\" style=\"width:823px;height:auto\" srcset=\"https:\/\/www.suomi-ranska.com\/kuopio\/wp-content\/uploads\/2024\/11\/Beaujolais-Nouveau_1-980x735.jpeg 980w, https:\/\/www.suomi-ranska.com\/kuopio\/wp-content\/uploads\/2024\/11\/Beaujolais-Nouveau_1-480x360.jpeg 480w\" sizes=\"(min-width: 0px) and (max-width: 480px) 480px, (min-width: 481px) and (max-width: 980px) 980px, (min-width: 981px) 1024px, 100vw\" \/><\/figure>\n\n\n\n<figure class=\"wp-block-image size-large\"><img loading=\"lazy\" decoding=\"async\" width=\"1024\" height=\"498\" src=\"https:\/\/www.suomi-ranska.com\/kuopio\/wp-content\/uploads\/2024\/11\/Beaujolais-Nouveau_2-1024x498.jpeg\" alt=\"\" class=\"wp-image-3640\" srcset=\"https:\/\/www.suomi-ranska.com\/kuopio\/wp-content\/uploads\/2024\/11\/Beaujolais-Nouveau_2-980x476.jpeg 980w, https:\/\/www.suomi-ranska.com\/kuopio\/wp-content\/uploads\/2024\/11\/Beaujolais-Nouveau_2-480x233.jpeg 480w\" sizes=\"(min-width: 0px) and (max-width: 480px) 480px, (min-width: 481px) and (max-width: 980px) 980px, (min-width: 981px) 1024px, 100vw\" \/><\/figure>\n\n\n\n<figure class=\"wp-block-image size-large\"><img loading=\"lazy\" decoding=\"async\" width=\"1024\" height=\"768\" src=\"https:\/\/www.suomi-ranska.com\/kuopio\/wp-content\/uploads\/2024\/11\/Beaujolais-Nouveau_3-1024x768.jpeg\" alt=\"\" class=\"wp-image-3641\" srcset=\"https:\/\/www.suomi-ranska.com\/kuopio\/wp-content\/uploads\/2024\/11\/Beaujolais-Nouveau_3-980x735.jpeg 980w, https:\/\/www.suomi-ranska.com\/kuopio\/wp-content\/uploads\/2024\/11\/Beaujolais-Nouveau_3-480x360.jpeg 480w\" sizes=\"(min-width: 0px) and (max-width: 480px) 480px, (min-width: 481px) and (max-width: 980px) 980px, (min-width: 981px) 1024px, 100vw\" \/><\/figure>\n\n\n\n<figure class=\"wp-block-image size-large\"><img loading=\"lazy\" decoding=\"async\" width=\"1024\" height=\"768\" src=\"https:\/\/www.suomi-ranska.com\/kuopio\/wp-content\/uploads\/2024\/11\/Beaujolais-Nouveau_4-1024x768.jpeg\" alt=\"\" class=\"wp-image-3642\" srcset=\"https:\/\/www.suomi-ranska.com\/kuopio\/wp-content\/uploads\/2024\/11\/Beaujolais-Nouveau_4-980x735.jpeg 980w, https:\/\/www.suomi-ranska.com\/kuopio\/wp-content\/uploads\/2024\/11\/Beaujolais-Nouveau_4-480x360.jpeg 480w\" sizes=\"(min-width: 0px) and (max-width: 480px) 480px, (min-width: 481px) and (max-width: 980px) 980px, (min-width: 981px) 1024px, 100vw\" \/><\/figure>\n\n\n\n<figure class=\"wp-block-image size-large\"><img loading=\"lazy\" decoding=\"async\" width=\"1024\" height=\"617\" src=\"https:\/\/www.suomi-ranska.com\/kuopio\/wp-content\/uploads\/2024\/11\/Beaujolais-Nouveau_5-1024x617.jpeg\" alt=\"\" class=\"wp-image-3643\" srcset=\"https:\/\/www.suomi-ranska.com\/kuopio\/wp-content\/uploads\/2024\/11\/Beaujolais-Nouveau_5-980x591.jpeg 980w, https:\/\/www.suomi-ranska.com\/kuopio\/wp-content\/uploads\/2024\/11\/Beaujolais-Nouveau_5-480x290.jpeg 480w\" sizes=\"(min-width: 0px) and (max-width: 480px) 480px, (min-width: 481px) and (max-width: 980px) 980px, (min-width: 981px) 1024px, 100vw\" \/><\/figure>\n\n\n\n<figure class=\"wp-block-image size-large\"><img loading=\"lazy\" decoding=\"async\" width=\"1024\" height=\"498\" src=\"https:\/\/www.suomi-ranska.com\/kuopio\/wp-content\/uploads\/2024\/11\/Beaujolais-Nouveau_6-1024x498.jpeg\" alt=\"\" class=\"wp-image-3644\" srcset=\"https:\/\/www.suomi-ranska.com\/kuopio\/wp-content\/uploads\/2024\/11\/Beaujolais-Nouveau_6-980x476.jpeg 980w, https:\/\/www.suomi-ranska.com\/kuopio\/wp-content\/uploads\/2024\/11\/Beaujolais-Nouveau_6-480x233.jpeg 480w\" sizes=\"(min-width: 0px) and (max-width: 480px) 480px, (min-width: 481px) and (max-width: 980px) 980px, (min-width: 981px) 1024px, 100vw\" \/><\/figure>\n\n\n\n<figure class=\"wp-block-image size-large\"><img loading=\"lazy\" decoding=\"async\" width=\"968\" height=\"1024\" src=\"https:\/\/www.suomi-ranska.com\/kuopio\/wp-content\/uploads\/2024\/11\/Beaujolais-Nouveau_7-968x1024.jpeg\" alt=\"\" class=\"wp-image-3645\"\/><\/figure>\n\n\n\n<figure class=\"wp-block-image size-large\"><img loading=\"lazy\" decoding=\"async\" width=\"682\" height=\"1024\" src=\"https:\/\/www.suomi-ranska.com\/kuopio\/wp-content\/uploads\/2024\/11\/Beaujolais-Nouveau_8-682x1024.jpeg\" alt=\"\" class=\"wp-image-3646\"\/><\/figure>\n\n\n\n<figure class=\"wp-block-image size-large\"><img loading=\"lazy\" decoding=\"async\" width=\"1024\" height=\"498\" src=\"https:\/\/www.suomi-ranska.com\/kuopio\/wp-content\/uploads\/2024\/11\/Beaujolais-Nouveau_9-1024x498.jpeg\" alt=\"\" class=\"wp-image-3647\" srcset=\"https:\/\/www.suomi-ranska.com\/kuopio\/wp-content\/uploads\/2024\/11\/Beaujolais-Nouveau_9-980x476.jpeg 980w, https:\/\/www.suomi-ranska.com\/kuopio\/wp-content\/uploads\/2024\/11\/Beaujolais-Nouveau_9-480x233.jpeg 480w\" sizes=\"(min-width: 0px) and (max-width: 480px) 480px, (min-width: 481px) and (max-width: 980px) 980px, (min-width: 981px) 1024px, 100vw\" \/><\/figure>\n\n\n\n<figure class=\"wp-block-image size-large\"><img loading=\"lazy\" decoding=\"async\" width=\"1024\" height=\"498\" src=\"https:\/\/www.suomi-ranska.com\/kuopio\/wp-content\/uploads\/2024\/11\/Beaujolais-Nouveau_10-1024x498.jpeg\" alt=\"\" class=\"wp-image-3648\" srcset=\"https:\/\/www.suomi-ranska.com\/kuopio\/wp-content\/uploads\/2024\/11\/Beaujolais-Nouveau_10-980x476.jpeg 980w, https:\/\/www.suomi-ranska.com\/kuopio\/wp-content\/uploads\/2024\/11\/Beaujolais-Nouveau_10-480x233.jpeg 480w\" sizes=\"(min-width: 0px) and (max-width: 480px) 480px, (min-width: 481px) and (max-width: 980px) 980px, (min-width: 981px) 1024px, 100vw\" \/><\/figure>\n\n\n\n<figure class=\"wp-block-image size-large\"><img loading=\"lazy\" decoding=\"async\" width=\"1024\" height=\"768\" src=\"https:\/\/www.suomi-ranska.com\/kuopio\/wp-content\/uploads\/2024\/11\/Beaujolais-Nouveau_11-1024x768.jpeg\" alt=\"\" class=\"wp-image-3649\" srcset=\"https:\/\/www.suomi-ranska.com\/kuopio\/wp-content\/uploads\/2024\/11\/Beaujolais-Nouveau_11-980x735.jpeg 980w, https:\/\/www.suomi-ranska.com\/kuopio\/wp-content\/uploads\/2024\/11\/Beaujolais-Nouveau_11-480x360.jpeg 480w\" sizes=\"(min-width: 0px) and (max-width: 480px) 480px, (min-width: 481px) and (max-width: 980px) 980px, (min-width: 981px) 1024px, 100vw\" \/><\/figure>\n\n\n\n<figure class=\"wp-block-image size-large\"><img loading=\"lazy\" decoding=\"async\" width=\"768\" height=\"1024\" src=\"https:\/\/www.suomi-ranska.com\/kuopio\/wp-content\/uploads\/2024\/11\/Beaujolais-Nouveau_12-768x1024.jpeg\" alt=\"\" class=\"wp-image-3650\"\/><\/figure>\n\n\n\n<figure class=\"wp-block-image size-large\"><img loading=\"lazy\" decoding=\"async\" width=\"1024\" height=\"768\" src=\"https:\/\/www.suomi-ranska.com\/kuopio\/wp-content\/uploads\/2024\/11\/Beaujolais-Nouveau_13-1024x768.jpeg\" alt=\"\" class=\"wp-image-3651\" srcset=\"https:\/\/www.suomi-ranska.com\/kuopio\/wp-content\/uploads\/2024\/11\/Beaujolais-Nouveau_13-980x735.jpeg 980w, https:\/\/www.suomi-ranska.com\/kuopio\/wp-content\/uploads\/2024\/11\/Beaujolais-Nouveau_13-480x360.jpeg 480w\" sizes=\"(min-width: 0px) and (max-width: 480px) 480px, (min-width: 481px) and (max-width: 980px) 980px, (min-width: 981px) 1024px, 100vw\" \/><\/figure>\n\n\n\n<figure class=\"wp-block-image size-large\"><img loading=\"lazy\" decoding=\"async\" width=\"1024\" height=\"717\" src=\"https:\/\/www.suomi-ranska.com\/kuopio\/wp-content\/uploads\/2024\/11\/Beaujolais-Nouveau_14-1024x717.jpeg\" alt=\"\" class=\"wp-image-3652\" srcset=\"https:\/\/www.suomi-ranska.com\/kuopio\/wp-content\/uploads\/2024\/11\/Beaujolais-Nouveau_14-980x686.jpeg 980w, https:\/\/www.suomi-ranska.com\/kuopio\/wp-content\/uploads\/2024\/11\/Beaujolais-Nouveau_14-480x336.jpeg 480w\" sizes=\"(min-width: 0px) and (max-width: 480px) 480px, (min-width: 481px) and (max-width: 980px) 980px, (min-width: 981px) 1024px, 100vw\" \/><\/figure>\n","protected":false},"excerpt":{"rendered":"<p>Le Beaujolais Nouveau est arriv\u00e9! Comme chaque ann\u00e9e, au troisi\u00e8me jeudi du mois de novembre, c&#8217;est arriv\u00e9e sur nos tables. Kuopion Suomi-Ranska Yhdistys vietti Beaujolais Nouveau iltaa perjantaina 22.11. Marjatta ja Patrick olivat taas loihtineet meille herkut, joita saimme nauttia uusia viinej\u00e4 maistellessamme. Saatiin kuulla my\u00f6s ajankohtaisia tietoja SRYLin syysliittokokouksesta sek\u00e4 kokemuksia Ranskan matkoilta. Uusia [&hellip;]<\/p>\n","protected":false},"author":10,"featured_media":0,"parent":3338,"menu_order":0,"comment_status":"closed","ping_status":"closed","template":"","meta":{"_acf_changed":false,"_et_pb_use_builder":"off","_et_pb_old_content":"","_et_gb_content_width":"","footnotes":""},"class_list":["post-3654","page","type-page","status-publish","hentry"],"acf":[],"_links":{"self":[{"href":"https:\/\/www.suomi-ranska.com\/kuopio\/wp-json\/wp\/v2\/pages\/3654","targetHints":{"allow":["GET"]}}],"collection":[{"href":"https:\/\/www.suomi-ranska.com\/kuopio\/wp-json\/wp\/v2\/pages"}],"about":[{"href":"https:\/\/www.suomi-ranska.com\/kuopio\/wp-json\/wp\/v2\/types\/page"}],"author":[{"embeddable":true,"href":"https:\/\/www.suomi-ranska.com\/kuopio\/wp-json\/wp\/v2\/users\/10"}],"replies":[{"embeddable":true,"href":"https:\/\/www.suomi-ranska.com\/kuopio\/wp-json\/wp\/v2\/comments?post=3654"}],"version-history":[{"count":2,"href":"https:\/\/www.suomi-ranska.com\/kuopio\/wp-json\/wp\/v2\/pages\/3654\/revisions"}],"predecessor-version":[{"id":3656,"href":"https:\/\/www.suomi-ranska.com\/kuopio\/wp-json\/wp\/v2\/pages\/3654\/revisions\/3656"}],"up":[{"embeddable":true,"href":"https:\/\/www.suomi-ranska.com\/kuopio\/wp-json\/wp\/v2\/pages\/3338"}],"wp:attachment":[{"href":"https:\/\/www.suomi-ranska.com\/kuopio\/wp-json\/wp\/v2\/media?parent=3654"}],"curies":[{"name":"wp","href":"https:\/\/api.w.org\/{rel}","templated":true}]}}