{"id":3706,"date":"2025-01-15T14:41:40","date_gmt":"2025-01-15T11:41:40","guid":{"rendered":"https:\/\/www.suomi-ranska.com\/kuopio\/?page_id=3706"},"modified":"2025-01-15T14:41:40","modified_gmt":"2025-01-15T11:41:40","slug":"tapahtumat-2024","status":"publish","type":"page","link":"https:\/\/www.suomi-ranska.com\/kuopio\/tapahtumat-2024\/","title":{"rendered":"Tapahtumat 2024"},"content":{"rendered":"\n<figure class=\"wp-block-image size-large\"><img loading=\"lazy\" decoding=\"async\" width=\"1024\" height=\"570\" src=\"https:\/\/www.suomi-ranska.com\/kuopio\/wp-content\/uploads\/2025\/01\/IMG_4051-1024x570.jpeg\" alt=\"\" class=\"wp-image-3716\" srcset=\"https:\/\/www.suomi-ranska.com\/kuopio\/wp-content\/uploads\/2025\/01\/IMG_4051-980x546.jpeg 980w, https:\/\/www.suomi-ranska.com\/kuopio\/wp-content\/uploads\/2025\/01\/IMG_4051-480x267.jpeg 480w\" sizes=\"(min-width: 0px) and (max-width: 480px) 480px, (min-width: 481px) and (max-width: 980px) 980px, (min-width: 981px) 1024px, 100vw\" \/><\/figure>\n\n\n\n<ul class=\"wp-block-list\">\n<li>Vuosi alkoi Loppiaisjuhlan vietolla, La F\u00eate des Rois, Annu ja Matti Jauhiaisen kodissa Ranta-Toivalassa 13.1.2024. Paikalla oli 30 yhdistyksen j\u00e4sent\u00e4. Nautimme Marjatan ja Patricikin leipomia Galette des rois -kakkuja ranskalaisen siiderin ja kahvin kera. Kakkuun k\u00e4tketyn maskotin, \u201dla f\u00e8ve\u201d, saaneet kruunattiin kuninkaiksi tai kuningattariksi \u2013 n\u00e4it\u00e4 kuninkaallisia oli monta! Iltap\u00e4iv\u00e4n aikana kuultiin kaunista musiikkia, pianistina Leena, klarinetistina Maxime ja Anneli upeana laulusolistina. Tilaisuus oli l\u00e4mminhenkinen ja iloinen puheensorina t\u00e4ytti tilan.<\/li>\n\n\n\n<li style=\"font-size:16px\">Kuukausilounaat k\u00e4ynnistyiv\u00e4t joulutauon j\u00e4lkeen keskiviikkona 7.2.2024. Helmikuun lounaspaikka oli nepalilainen ravintola Mandala kauppakeskus Apajassa.<\/li>\n\n\n\n<li style=\"font-size:16px\">Yhdistyksen vuosikokous pidettiin Kuopion Kuntolaakson kokoustilassa tiistaina 12.3.2024. Kokouksen puheenjohtajana toimi Liisa Sarvi. Kokouksessa k\u00e4siteltiin s\u00e4\u00e4nt\u00f6m\u00e4\u00e4r\u00e4iset asiat ja siihen osallistui 13 j\u00e4sent\u00e4. Hallituksen puheenjohtajaksi vuodelle 2024 valittiin Eero Markkinen ja j\u00e4seniksi Annu Jauhiainen, Matti Jauhiainen, Patrick Laffitte ja Leena Toivanen. Varaj\u00e4seniksi valittiin Anneli Pasanen ja Elvi Rissanen. Toiminnantarkastajaksi valittiin Liisa Sarvi ja varalle Kalevi Heino. J\u00e4senmaksuksi vuodelle 2024 vahvistettiin 22\u20ac normaalij\u00e4sen ja 10\u20ac opiskelijaj\u00e4sen. Kunniaj\u00e4senet ovat vapautettuja j\u00e4senmaksusta. Uuden hallituksen j\u00e4rjest\u00e4ytymiskokouksessa valittiin varapuheenjohtajaksi Patrick Laffitte. Rahastonhoitajaksi puheenjohtajuuden ohella Eero Markkinen, tiedottajaksi Patrick Laffitte, digij\u00e4rjestelmien yll\u00e4pit\u00e4j\u00e4ksi Annu Jauhiainen. Puheenjohtaja hoitaa hallinnolliset sihteeriteht\u00e4v\u00e4t.<\/li>\n\n\n\n<li style=\"font-size:16px\">Perinteinen maaliskuun lounas oli kuukauden toisena keskiviikkona 13.3.2024 Kuopion Klubin ravintolassa, Kuninkaankatu 10.<\/li>\n\n\n\n<li style=\"font-size:16px\">Huhtikuun lounas oli keskiviikkona 03.04.2024 ravintola Kallanrannassa, Kallanranta 11.<\/li>\n\n\n\n<li style=\"font-size:16px\">Toukokuun lounas nautittiin keskiviikkona 8.5.2024 ravintola Bokassa, Koljonniemenkatu 2<\/li>\n\n\n\n<li style=\"font-size:16px\">Toukokuussa tapasimme viel\u00e4 toisen kerran, kokkikurssin ja kev\u00e4tlounaan merkeiss\u00e4. Lauantaina 25.5.2024 kokoonnuimme PAOK:n tiloissa Asemakatu 4. \u201dP\u00e4\u00e4kokkeina\u201d ammattilaisemme Marjatta Turunen ja Patrick Laffitte, avustajina 5 \u2013 6 apukokkia Cerclen j\u00e4senist\u00e4. Saimme nauttia herkullisen nelj\u00e4n ruokalajin ranskalaisen lounaan, viineineen.<\/li>\n\n\n\n<li style=\"font-size:16px\">Ranskan kansallisp\u00e4iv\u00e4\u00e4 juhlittiin poikkeuksellisesti jo lauantaina 13.7.2024. Parikymment\u00e4 cerclel\u00e4ist\u00e4 kokoontui ravintola Kummiset\u00e4\u00e4n nauttimaan yhdess\u00e4olosta, herkullisesta ateriasta ja l\u00e4mpim\u00e4st\u00e4 kes\u00e4p\u00e4iv\u00e4st\u00e4.<\/li>\n\n\n\n<li style=\"font-size:16px\">Elokuun lounaspaikkana oli ravintola Wanha Satama, keskiviikkona 7.8.2024.<\/li>\n\n\n\n<li style=\"font-size:16px\">Syyskuun kuukausilounas nautittiin 4.9.2024 ravintola Urbanissa, Puijonkatu 15.<\/li>\n\n\n\n<li style=\"font-size:16px\">Syyskuussa saimme vieraan Helsingist\u00e4, kun Sini Sovij\u00e4rvi tuli 12.9. kertomaan ranskalaisvaikutteiden saapumisesta Helsinkiin: Ranska Helsingiss\u00e4 vuodesta 1890 \u2013ranskalaisvaikutteiden saapuminen kulttuurinn\u00e4lk\u00e4iseen Suomeen. Esitelm\u00e4 pohjautuu<\/li>\n\n\n\n<li style=\"font-size:16px\">Outi Merisalon ja Sini Sovij\u00e4rven toimittamaan kaksikieliseen historiateokseen Ranska Helsingiss\u00e4 vuodesta 1890 \u2013 La France \u00e0 Helsinki depuis 1890 (Artemisia, 2023). Kehyskertomuksena on Helsingin ranskalais-suomalainen 135-vuotinen yst\u00e4vyysseuratoiminta. T\u00e4rke\u00e4ss\u00e4 roolissa ovat my\u00f6s kahdensuuntaiset yst\u00e4vyyssuhteet maidemme v\u00e4lill\u00e4. Luentotilaisuus j\u00e4rjestettiin yhdess\u00e4 Kuopion kaupunginkirjaston kanssa ja paikkana oli P\u00e4\u00e4kirjaston kokoussali.<\/li>\n\n\n\n<li style=\"font-size:16px\">Lokakuun kuukausilounas oli keskiviikkona 2.10.2024 ravintola Kreetassa, Maaherrankatu 23. Paikalla oli ilahduttavan suuri joukko j\u00e4seni\u00e4.<\/li>\n\n\n\n<li style=\"font-size:16px\">Lokakuussa olimme kahdesti Kuopion Suomi-Amerikka Yhdistyksen vieraina kuulemassa esitelmi\u00e4 Yhdysvaltojen politiikasta ja tulevista presidentinvaaleista. Tiistaina 1.10. puhujana oli Helsingin Sanomien entinen Washingtonin-kirjeenvaihtaja Anna-Sofia Berner, joka kertoi ajankohtaisesta tietokirjastaan Kymmenen haavaa Amerikan syd\u00e4mess\u00e4. Keskiviikkona 9.10 kokemuksistaan Yhdysvaltain presidentin vaaleista kansalaisina ja \u00e4\u00e4nest\u00e4jin\u00e4 kertoivat Teija Huttunen-Green ja Jack Green.<\/li>\n\n\n\n<li style=\"font-size:16px\">Marraskuun lounas nautittiin keskiviikkona 6.11.2024 ravintola Is\u00e4 Camillossa, Kauppakatu 25-27.<\/li>\n\n\n\n<li style=\"font-size:16px\">Kuopion Suomi-Ranska Yhdistys vietti Beaujolais Nouveau iltaa perjantaina 22.11. Marjatta ja Patrick olivat taas loihtineet meille herkut, joita saimme nauttia uusia viinej\u00e4 maistellessamme. Saatiin kuulla my\u00f6s ajankohtaisia tietoja SRYLin syysliittokokouksesta sek\u00e4 kokemuksia Ranskan matkoilta. Uusia j\u00e4seni\u00e4kin oli mukana!<\/li>\n\n\n\n<li style=\"font-size:16px\">Vuoden lopuksi kokoonnuimme joululounaalle Lapland hotellin ravintolaan Gallaan.<\/li>\n<\/ul>\n\n\n\n<figure class=\"wp-block-image size-large\"><img loading=\"lazy\" decoding=\"async\" width=\"1024\" height=\"768\" src=\"https:\/\/www.suomi-ranska.com\/kuopio\/wp-content\/uploads\/2025\/01\/IMG_4862-1-1024x768.jpeg\" alt=\"\" class=\"wp-image-3714\" srcset=\"https:\/\/www.suomi-ranska.com\/kuopio\/wp-content\/uploads\/2025\/01\/IMG_4862-1-980x735.jpeg 980w, https:\/\/www.suomi-ranska.com\/kuopio\/wp-content\/uploads\/2025\/01\/IMG_4862-1-480x360.jpeg 480w\" sizes=\"(min-width: 0px) and (max-width: 480px) 480px, (min-width: 481px) and (max-width: 980px) 980px, (min-width: 981px) 1024px, 100vw\" \/><\/figure>\n","protected":false},"excerpt":{"rendered":"","protected":false},"author":10,"featured_media":0,"parent":0,"menu_order":0,"comment_status":"closed","ping_status":"closed","template":"","meta":{"_acf_changed":false,"_et_pb_use_builder":"off","_et_pb_old_content":"","_et_gb_content_width":"","footnotes":""},"class_list":["post-3706","page","type-page","status-publish","hentry"],"acf":[],"_links":{"self":[{"href":"https:\/\/www.suomi-ranska.com\/kuopio\/wp-json\/wp\/v2\/pages\/3706","targetHints":{"allow":["GET"]}}],"collection":[{"href":"https:\/\/www.suomi-ranska.com\/kuopio\/wp-json\/wp\/v2\/pages"}],"about":[{"href":"https:\/\/www.suomi-ranska.com\/kuopio\/wp-json\/wp\/v2\/types\/page"}],"author":[{"embeddable":true,"href":"https:\/\/www.suomi-ranska.com\/kuopio\/wp-json\/wp\/v2\/users\/10"}],"replies":[{"embeddable":true,"href":"https:\/\/www.suomi-ranska.com\/kuopio\/wp-json\/wp\/v2\/comments?post=3706"}],"version-history":[{"count":6,"href":"https:\/\/www.suomi-ranska.com\/kuopio\/wp-json\/wp\/v2\/pages\/3706\/revisions"}],"predecessor-version":[{"id":3717,"href":"https:\/\/www.suomi-ranska.com\/kuopio\/wp-json\/wp\/v2\/pages\/3706\/revisions\/3717"}],"wp:attachment":[{"href":"https:\/\/www.suomi-ranska.com\/kuopio\/wp-json\/wp\/v2\/media?parent=3706"}],"curies":[{"name":"wp","href":"https:\/\/api.w.org\/{rel}","templated":true}]}}