{"id":408,"date":"2020-01-13T10:26:57","date_gmt":"2020-01-13T10:26:57","guid":{"rendered":"https:\/\/www.suomi-ranska.com\/kuopio\/?page_id=408"},"modified":"2023-10-20T17:40:31","modified_gmt":"2023-10-20T14:40:31","slug":"tapahtumat-2020","status":"publish","type":"page","link":"https:\/\/www.suomi-ranska.com\/kuopio\/tapahtumat-2020\/","title":{"rendered":"Tapahtumat 2020"},"content":{"rendered":"<p>[et_pb_section fb_built=&#8221;1&#8243; _builder_version=&#8221;4.22.2&#8243; _module_preset=&#8221;default&#8221; background_enable_color=&#8221;off&#8221; use_background_color_gradient=&#8221;on&#8221; background_color_gradient_stops=&#8221;#002654 0%|#ffffff 100%&#8221; background_enable_image=&#8221;off&#8221; background_size=&#8221;contain&#8221; width=&#8221;100%&#8221; max_width=&#8221;100%&#8221; custom_padding=&#8221;16px||24px|||&#8221; global_colors_info=&#8221;{}&#8221; theme_builder_area=&#8221;post_content&#8221;][et_pb_row column_structure=&#8221;1_3,1_3,1_3&#8243; _builder_version=&#8221;4.22.2&#8243; _module_preset=&#8221;default&#8221; max_width=&#8221;1920px&#8221; custom_padding=&#8221;||0px||false|false&#8221; global_colors_info=&#8221;{}&#8221; theme_builder_area=&#8221;post_content&#8221;][et_pb_column type=&#8221;1_3&#8243; _builder_version=&#8221;4.22.2&#8243; _module_preset=&#8221;default&#8221; custom_padding=&#8221;50px||||false|false&#8221; global_colors_info=&#8221;{}&#8221; theme_builder_area=&#8221;post_content&#8221;][et_pb_text _builder_version=&#8221;4.22.2&#8243; _module_preset=&#8221;default&#8221; header_font=&#8221;Lato|700|||||||&#8221; header_text_align=&#8221;center&#8221; header_text_color=&#8221;#FFFFFF&#8221; header_font_size=&#8221;40px&#8221; header_3_font=&#8221;Lato||||||||&#8221; header_3_text_align=&#8221;center&#8221; header_3_text_color=&#8221;#000000&#8243; header_3_font_size=&#8221;30px&#8221; header_3_line_height=&#8221;1.1em&#8221; custom_margin=&#8221;||0px|0px|false|false&#8221; custom_margin_tablet=&#8221;||0px|0px|false|false&#8221; custom_margin_phone=&#8221;||0px|0px|false|false&#8221; custom_margin_last_edited=&#8221;on|tablet&#8221; header_font_size_tablet=&#8221;40px&#8221; header_font_size_phone=&#8221;30px&#8221; header_font_size_last_edited=&#8221;on|tablet&#8221; global_colors_info=&#8221;{}&#8221; theme_builder_area=&#8221;post_content&#8221;]<\/p>\n<h1 class=\"centerer\">Tapahtumat 2020<\/h1>\n<p>[\/et_pb_text][\/et_pb_column][et_pb_column type=&#8221;1_3&#8243; _builder_version=&#8221;4.22.1&#8243; _module_preset=&#8221;default&#8221; global_colors_info=&#8221;{}&#8221; theme_builder_area=&#8221;post_content&#8221;][et_pb_image src=&#8221;https:\/\/www.suomi-ranska.com\/kuopio\/wp-content\/uploads\/2023\/10\/Kuopio-1.webp&#8221; title_text=&#8221;Kuopio&#8221; align=&#8221;center&#8221; align_tablet=&#8221;center&#8221; align_phone=&#8221;center&#8221; align_last_edited=&#8221;on|desktop&#8221; _builder_version=&#8221;4.22.2&#8243; _module_preset=&#8221;default&#8221; max_height=&#8221;148px&#8221; global_colors_info=&#8221;{}&#8221; theme_builder_area=&#8221;post_content&#8221;][\/et_pb_image][\/et_pb_column][et_pb_column type=&#8221;1_3&#8243; _builder_version=&#8221;4.22.1&#8243; _module_preset=&#8221;default&#8221; global_colors_info=&#8221;{}&#8221; theme_builder_area=&#8221;post_content&#8221;][et_pb_text _builder_version=&#8221;4.22.2&#8243; _module_preset=&#8221;default&#8221; header_2_font=&#8221;Lato|700|||||||&#8221; header_2_text_align=&#8221;left&#8221; header_2_text_color=&#8221;#002654&#8243; header_2_font_size=&#8221;18px&#8221; custom_margin=&#8221;50px||||false|false&#8221; global_colors_info=&#8221;{}&#8221; theme_builder_area=&#8221;post_content&#8221;]<\/p>\n<h2 class=\"centerer\" style=\"text-align: center;\"><span id=\"french-title\">Kuopion Suomi-Ranska yhdistys ry<\/span><\/h2>\n<p>[\/et_pb_text][\/et_pb_column][\/et_pb_row][\/et_pb_section][et_pb_section fb_built=&#8221;1&#8243; admin_label=&#8221;section&#8221; _builder_version=&#8221;4.16&#8243; global_colors_info=&#8221;{}&#8221;][et_pb_row admin_label=&#8221;row&#8221; _builder_version=&#8221;4.16&#8243; background_size=&#8221;initial&#8221; background_position=&#8221;top_left&#8221; background_repeat=&#8221;repeat&#8221; global_colors_info=&#8221;{}&#8221;][et_pb_column type=&#8221;4_4&#8243; _builder_version=&#8221;4.16&#8243; custom_padding=&#8221;|||&#8221; global_colors_info=&#8221;{}&#8221; custom_padding__hover=&#8221;|||&#8221;][et_pb_text admin_label=&#8221;Text&#8221; _builder_version=&#8221;4.22.2&#8243; background_size=&#8221;initial&#8221; background_position=&#8221;top_left&#8221; background_repeat=&#8221;repeat&#8221; hover_enabled=&#8221;0&#8243; global_colors_info=&#8221;{}&#8221; text_font_size=&#8221;16px&#8221; sticky_enabled=&#8221;0&#8243;]<\/p>\n<p>&nbsp;<\/p>\n<ul>\n<li>Vuoden 2020 ensimm\u00e4inen kuukausilounas\u00a0nautittiin keskiviikkona 8.1. klo 13 nepalilaisessa ravintola Mandalassa (Kauppakeskus Apaja, Kauppakatu 45).<\/li>\n<li>Helmikuun kuukausilounaalle kokoonnuimme keskiviikkona 5.2.2020 klo 13 perinteiseen cerclel\u00e4isten suosikkiravintolaan, Is\u00e4 Camilloon (Kauppakatu 25-27).<\/li>\n<li>Yst\u00e4v\u00e4np\u00e4iv\u00e4n juhlaa vietettiin vuonna 2020 italialaisissa tunnelmissa perinteikk\u00e4\u00e4ll\u00e4 Kuopion Klubilla perjantaina 14.2. eli oikeana yst\u00e4v\u00e4n-p\u00e4iv\u00e4n\u00e4. Perinteist\u00e4 yst\u00e4vyysseurojen yst\u00e4vyysjuhlaa is\u00e4nn\u00f6i t\u00e4n\u00e4 vuonna kuopiolaisista yst\u00e4vyysseuroista vanhin, 80-vuotisjuhlavuottaan viett\u00e4v\u00e4 Italia-seura Dante Alighieri.<\/li>\n<li>Cerclen vuosikokous maanantaina 24.2.2020 klo 16:30, Kompassissa.<\/li>\n<li>Tiistaina 14.7. juhlimme Ranskan kansallisp\u00e4iv\u00e4\u00e4 lounasristeilyll\u00e4 Kallavedell\u00e4. \u00a0Kokoonnuimme Wanhassa Satamassa nauttimaan Cerclen tarjoamat alkumaljat. \u00a0Risteily m\/s Queen R -aluksella suuntautui Keski-Kallavedelle Alahovin viinitilan kautta.<\/li>\n<li>Cercle Kuopion kes\u00e4retki j\u00e4rjestettiin t\u00e4n\u00e4 vuonna lauantaina 8. elokuuta. Kohteena on Eric ja Laura Gaudillat\u2019n lammasfarmi Lepp\u00e4virran Sorsakoskella, osoitteessa Karilantie 34.<br \/>Matka tehtiin tilausbussilla sek\u00e4 omilla autoilla. Mukana oli l\u00e4hes 30 cerclel\u00e4ist\u00e4. \u00a0Perill\u00e4 ruokailtiin ulkoilmassa, juotiin kakkukahvit ja tutustuttiin lammasfarmin toimintaan. Vartaassa kypsytetty karitsa oli tosi maukasta! Tilalla on 55 lammasta tai karitsaa, muutamia ihan vastasyntyneit\u00e4 karitsoja n\u00e4htiin lampolassa. Lopuksi saatiin tilata karitsanlihaa, jotka toimitetaan tilaajille parin viikon kuluttua. Un grand merci, Laura et Eric!<\/li>\n<li>Syksyn ensimm\u00e4inen kuukausilounas keskiviikkona 2.9.2020 klo 13 Puijon majalla.<\/li>\n<li>Lokakuussa tapasimme lounaalla keskiviikkona 7.10.2020 klo 13 Trattoria Sorrentossa, Snellmaninkatu 22.<\/li>\n<li>Marraskuun lounasta nautimme keskiviikkona 4.11.2020 klo 13 ravintola Sanskritiss\u00e4 osoitteessa Savonkatu 7.<\/li>\n<li>Yhdistyksen joululounas j\u00e4rjestettiin la 19.12 Rauhalahden kylpyl\u00e4hotellilla. Mukana oli noin kymmenen henke\u00e4.<\/li>\n<\/ul>\n<p>[\/et_pb_text][\/et_pb_column][\/et_pb_row][\/et_pb_section][et_pb_section fb_built=&#8221;1&#8243; _builder_version=&#8221;4.22.1&#8243; _module_preset=&#8221;default&#8221; background_color=&#8221;#ce1126&#8243; background_enable_image=&#8221;off&#8221; background_size=&#8221;contain&#8221; width=&#8221;100%&#8221; max_width=&#8221;100%&#8221; min_height=&#8221;334px&#8221; custom_padding=&#8221;||24px|||&#8221; saved_tabs=&#8221;all&#8221; global_colors_info=&#8221;{}&#8221; theme_builder_area=&#8221;post_content&#8221;][et_pb_row column_structure=&#8221;1_3,1_3,1_3&#8243; use_custom_gutter=&#8221;on&#8221; gutter_width=&#8221;2&#8243; _builder_version=&#8221;4.22.1&#8243; _module_preset=&#8221;default&#8221; width=&#8221;100%&#8221; max_width=&#8221;1540px&#8221; global_colors_info=&#8221;{}&#8221; theme_builder_area=&#8221;post_content&#8221;][et_pb_column type=&#8221;1_3&#8243; _builder_version=&#8221;4.22.1&#8243; _module_preset=&#8221;default&#8221; global_colors_info=&#8221;{}&#8221; theme_builder_area=&#8221;post_content&#8221;][et_pb_text _builder_version=&#8221;4.22.2&#8243; _module_preset=&#8221;default&#8221; text_font=&#8221;Lato||||||||&#8221; text_text_color=&#8221;#FFFFFF&#8221; text_font_size=&#8221;16px&#8221; link_font=&#8221;Lato|700|||||||&#8221; link_text_color=&#8221;#FFFFFF&#8221; text_orientation=&#8221;center&#8221; custom_margin=&#8221;20px|||0px|false|false&#8221; global_colors_info=&#8221;{}&#8221; theme_builder_area=&#8221;post_content&#8221;]<\/p>\n<p style=\"text-align: center;\">Kuopion Suomi-Ranska yhdistys ry<br \/><a href=\"mailto:cercle.kuopio@gmail.com\" target=\"_blank\" rel=\"noopener\">cercle.kuopio (at) gmail.com<\/a><\/p>\n<p>[\/et_pb_text][\/et_pb_column][et_pb_column type=&#8221;1_3&#8243; _builder_version=&#8221;4.22.1&#8243; _module_preset=&#8221;default&#8221; global_colors_info=&#8221;{}&#8221; theme_builder_area=&#8221;post_content&#8221;][et_pb_image src=&#8221;https:\/\/www.suomi-ranska.com\/kuopio\/wp-content\/uploads\/2023\/09\/heksagon-juhon-tekele.webp&#8221; title_text=&#8221;heksagon juhon tekele&#8221; show_bottom_space=&#8221;off&#8221; align=&#8221;center&#8221; _builder_version=&#8221;4.22.2&#8243; _module_preset=&#8221;default&#8221; width=&#8221;30%&#8221; width_tablet=&#8221;50%&#8221; width_phone=&#8221;46%&#8221; width_last_edited=&#8221;on|tablet&#8221; global_colors_info=&#8221;{}&#8221; theme_builder_area=&#8221;post_content&#8221;][\/et_pb_image][\/et_pb_column][et_pb_column type=&#8221;1_3&#8243; _builder_version=&#8221;4.22.1&#8243; _module_preset=&#8221;default&#8221; global_colors_info=&#8221;{}&#8221; theme_builder_area=&#8221;post_content&#8221;][et_pb_icon font_icon=&#8221;&#xf09a;||fa||400&#8243; icon_color=&#8221;#FFFFFF&#8221; icon_width=&#8221;34px&#8221; url=&#8221;https:\/\/www.facebook.com\/groups\/1649202232206980&#8243; url_new_window=&#8221;on&#8221; _builder_version=&#8221;4.22.2&#8243; _module_preset=&#8221;default&#8221; custom_margin=&#8221;20px||||false|false&#8221; global_colors_info=&#8221;{}&#8221; theme_builder_area=&#8221;post_content&#8221;][\/et_pb_icon][\/et_pb_column][\/et_pb_row][\/et_pb_section]<\/p>\n","protected":false},"excerpt":{"rendered":"<p>[et_pb_section fb_built=&#8221;1&#8243; _builder_version=&#8221;4.22.2&#8243; _module_preset=&#8221;default&#8221; background_enable_color=&#8221;off&#8221; use_background_color_gradient=&#8221;on&#8221; background_color_gradient_stops=&#8221;#002654 0%|#ffffff 100%&#8221; background_enable_image=&#8221;off&#8221; background_size=&#8221;contain&#8221; width=&#8221;100%&#8221; max_width=&#8221;100%&#8221; custom_padding=&#8221;16px||24px|||&#8221; global_colors_info=&#8221;{}&#8221; theme_builder_area=&#8221;post_content&#8221;][et_pb_row column_structure=&#8221;1_3,1_3,1_3&#8243; _builder_version=&#8221;4.22.2&#8243; _module_preset=&#8221;default&#8221; max_width=&#8221;1920px&#8221; custom_padding=&#8221;||0px||false|false&#8221; global_colors_info=&#8221;{}&#8221; theme_builder_area=&#8221;post_content&#8221;][et_pb_column type=&#8221;1_3&#8243; _builder_version=&#8221;4.22.2&#8243; _module_preset=&#8221;default&#8221; custom_padding=&#8221;50px||||false|false&#8221; global_colors_info=&#8221;{}&#8221; theme_builder_area=&#8221;post_content&#8221;][et_pb_text _builder_version=&#8221;4.22.2&#8243; _module_preset=&#8221;default&#8221; header_font=&#8221;Lato|700|||||||&#8221; header_text_align=&#8221;center&#8221; header_text_color=&#8221;#FFFFFF&#8221; header_font_size=&#8221;40px&#8221; header_3_font=&#8221;Lato||||||||&#8221; header_3_text_align=&#8221;center&#8221; header_3_text_color=&#8221;#000000&#8243; header_3_font_size=&#8221;30px&#8221; header_3_line_height=&#8221;1.1em&#8221; custom_margin=&#8221;||0px|0px|false|false&#8221; custom_margin_tablet=&#8221;||0px|0px|false|false&#8221; custom_margin_phone=&#8221;||0px|0px|false|false&#8221; custom_margin_last_edited=&#8221;on|tablet&#8221; header_font_size_tablet=&#8221;40px&#8221; header_font_size_phone=&#8221;30px&#8221; header_font_size_last_edited=&#8221;on|tablet&#8221; global_colors_info=&#8221;{}&#8221; theme_builder_area=&#8221;post_content&#8221;] Tapahtumat 2020 [\/et_pb_text][\/et_pb_column][et_pb_column type=&#8221;1_3&#8243; _builder_version=&#8221;4.22.1&#8243; _module_preset=&#8221;default&#8221; [&hellip;]<\/p>\n","protected":false},"author":10,"featured_media":0,"parent":0,"menu_order":0,"comment_status":"closed","ping_status":"closed","template":"","meta":{"_acf_changed":false,"_et_pb_use_builder":"on","_et_pb_old_content":"&nbsp;\n<ul>\n \t<li>Vuoden 2020 ensimm\u00e4inen kuukausilounas\u00a0nautittiin keskiviikkona 8.1. klo 13 nepalilaisessa ravintola Mandalassa (Kauppakeskus Apaja, Kauppakatu 45).<\/li>\n \t<li>Helmikuun kuukausilounaalle kokoonnuimme keskiviikkona 5.2.2020 klo 13 perinteiseen cerclel\u00e4isten suosikkiravintolaan, Is\u00e4 Camilloon (Kauppakatu 25-27).<\/li>\n \t<li>Yst\u00e4v\u00e4np\u00e4iv\u00e4n juhlaa vietettiin vuonna 2020 italialaisissa tunnelmissa perinteikk\u00e4\u00e4ll\u00e4 Kuopion Klubilla perjantaina 14.2. eli oikeana yst\u00e4v\u00e4n-p\u00e4iv\u00e4n\u00e4. Perinteist\u00e4 yst\u00e4vyysseurojen yst\u00e4vyysjuhlaa is\u00e4nn\u00f6i t\u00e4n\u00e4 vuonna kuopiolaisista yst\u00e4vyysseuroista vanhin, 80-vuotisjuhlavuottaan viett\u00e4v\u00e4 Italia-seura Dante Alighieri.<\/li>\n \t<li>Cerclen vuosikokous maanantaina 24.2.2020 klo 16:30, Kompassissa.<\/li>\n \t<li>Tiistaina 14.7. juhlimme Ranskan kansallisp\u00e4iv\u00e4\u00e4 lounasristeilyll\u00e4 Kallavedell\u00e4. \u00a0Kokoonnuimme Wanhassa Satamassa nauttimaan Cerclen tarjoamat alkumaljat. \u00a0Risteily m\/s Queen R -aluksella suuntautui Keski-Kallavedelle Alahovin viinitilan kautta.<\/li>\n \t<li>Cercle Kuopion kes\u00e4retki j\u00e4rjestettiin t\u00e4n\u00e4 vuonna lauantaina 8. elokuuta. Kohteena on Eric ja Laura Gaudillat\u2019n lammasfarmi Lepp\u00e4virran Sorsakoskella, osoitteessa Karilantie 34.\nMatka tehtiin tilausbussilla sek\u00e4 omilla autoilla. Mukana oli l\u00e4hes 30 cerclel\u00e4ist\u00e4. \u00a0Perill\u00e4 ruokailtiin ulkoilmassa, juotiin kakkukahvit ja tutustuttiin lammasfarmin toimintaan. Vartaassa kypsytetty karitsa oli tosi maukasta! Tilalla on 55 lammasta tai karitsaa, muutamia ihan vastasyntyneit\u00e4 karitsoja n\u00e4htiin lampolassa. Lopuksi saatiin tilata karitsanlihaa, jotka toimitetaan tilaajille parin viikon kuluttua. Un grand merci, Laura et Eric!<\/li>\n \t<li>Syksyn ensimm\u00e4inen kuukausilounas keskiviikkona 2.9.2020 klo 13 Puijon majalla.<\/li>\n \t<li>Lokakuussa tapasimme lounaalla keskiviikkona 7.10.2020 klo 13 Trattoria Sorrentossa, Snellmaninkatu 22.<\/li>\n \t<li>Marraskuun lounasta nautimme keskiviikkona 4.11.2020 klo 13 ravintola Sanskritiss\u00e4 osoitteessa Savonkatu 7.<\/li>\n \t<li>Yhdistyksen joululounas j\u00e4rjestettiin la 19.12 Rauhalahden kylpyl\u00e4hotellilla. Mukana oli noin kymmenen henke\u00e4.<\/li>\n<\/ul>","_et_gb_content_width":"1080","footnotes":""},"class_list":["post-408","page","type-page","status-publish","hentry"],"acf":[],"_links":{"self":[{"href":"https:\/\/www.suomi-ranska.com\/kuopio\/wp-json\/wp\/v2\/pages\/408","targetHints":{"allow":["GET"]}}],"collection":[{"href":"https:\/\/www.suomi-ranska.com\/kuopio\/wp-json\/wp\/v2\/pages"}],"about":[{"href":"https:\/\/www.suomi-ranska.com\/kuopio\/wp-json\/wp\/v2\/types\/page"}],"author":[{"embeddable":true,"href":"https:\/\/www.suomi-ranska.com\/kuopio\/wp-json\/wp\/v2\/users\/10"}],"replies":[{"embeddable":true,"href":"https:\/\/www.suomi-ranska.com\/kuopio\/wp-json\/wp\/v2\/comments?post=408"}],"version-history":[{"count":3,"href":"https:\/\/www.suomi-ranska.com\/kuopio\/wp-json\/wp\/v2\/pages\/408\/revisions"}],"predecessor-version":[{"id":3363,"href":"https:\/\/www.suomi-ranska.com\/kuopio\/wp-json\/wp\/v2\/pages\/408\/revisions\/3363"}],"wp:attachment":[{"href":"https:\/\/www.suomi-ranska.com\/kuopio\/wp-json\/wp\/v2\/media?parent=408"}],"curies":[{"name":"wp","href":"https:\/\/api.w.org\/{rel}","templated":true}]}}