{"id":455,"date":"2021-05-23T09:39:40","date_gmt":"2021-05-23T09:39:40","guid":{"rendered":"https:\/\/www.suomi-ranska.com\/kuopio\/?page_id=455"},"modified":"2025-01-13T15:37:13","modified_gmt":"2025-01-13T12:37:13","slug":"tapahtumat-2021","status":"publish","type":"page","link":"https:\/\/www.suomi-ranska.com\/kuopio\/tapahtumat-2021\/","title":{"rendered":"Tapahtumat 2021"},"content":{"rendered":"<p>[et_pb_section fb_built=&#8221;1&#8243; _builder_version=&#8221;4.22.2&#8243; _module_preset=&#8221;default&#8221; background_enable_color=&#8221;off&#8221; use_background_color_gradient=&#8221;on&#8221; background_color_gradient_stops=&#8221;#002654 0%|#ffffff 100%&#8221; background_enable_image=&#8221;off&#8221; background_size=&#8221;contain&#8221; width=&#8221;100%&#8221; max_width=&#8221;100%&#8221; custom_padding=&#8221;16px||24px|||&#8221; global_colors_info=&#8221;{}&#8221;][et_pb_row column_structure=&#8221;1_3,1_3,1_3&#8243; _builder_version=&#8221;4.22.2&#8243; _module_preset=&#8221;default&#8221; max_width=&#8221;1920px&#8221; custom_padding=&#8221;||0px||false|false&#8221; global_colors_info=&#8221;{}&#8221;][et_pb_column type=&#8221;1_3&#8243; _builder_version=&#8221;4.22.2&#8243; _module_preset=&#8221;default&#8221; custom_padding=&#8221;50px||||false|false&#8221; global_colors_info=&#8221;{}&#8221;][et_pb_text _builder_version=&#8221;4.22.2&#8243; _module_preset=&#8221;default&#8221; header_font=&#8221;Lato|700|||||||&#8221; header_text_align=&#8221;center&#8221; header_text_color=&#8221;#FFFFFF&#8221; header_font_size=&#8221;40px&#8221; header_3_font=&#8221;Lato||||||||&#8221; header_3_text_align=&#8221;center&#8221; header_3_text_color=&#8221;#000000&#8243; header_3_font_size=&#8221;30px&#8221; header_3_line_height=&#8221;1.1em&#8221; custom_margin=&#8221;||0px|0px|false|false&#8221; custom_margin_tablet=&#8221;||0px|0px|false|false&#8221; custom_margin_phone=&#8221;||0px|0px|false|false&#8221; custom_margin_last_edited=&#8221;on|tablet&#8221; header_font_size_tablet=&#8221;40px&#8221; header_font_size_phone=&#8221;30px&#8221; header_font_size_last_edited=&#8221;on|tablet&#8221; global_colors_info=&#8221;{}&#8221;]<\/p>\n<h1 class=\"centerer\">Tapahtumat 2021<\/h1>\n<p>[\/et_pb_text][\/et_pb_column][et_pb_column type=&#8221;1_3&#8243; _builder_version=&#8221;4.22.1&#8243; _module_preset=&#8221;default&#8221; global_colors_info=&#8221;{}&#8221;][et_pb_image src=&#8221;https:\/\/www.suomi-ranska.com\/kuopio\/wp-content\/uploads\/2023\/10\/Kuopio-1.webp&#8221; title_text=&#8221;Kuopio&#8221; align=&#8221;center&#8221; align_tablet=&#8221;center&#8221; align_phone=&#8221;center&#8221; align_last_edited=&#8221;on|desktop&#8221; _builder_version=&#8221;4.22.2&#8243; _module_preset=&#8221;default&#8221; max_height=&#8221;148px&#8221; global_colors_info=&#8221;{}&#8221;][\/et_pb_image][\/et_pb_column][et_pb_column type=&#8221;1_3&#8243; _builder_version=&#8221;4.22.1&#8243; _module_preset=&#8221;default&#8221; global_colors_info=&#8221;{}&#8221;][et_pb_text _builder_version=&#8221;4.22.2&#8243; _module_preset=&#8221;default&#8221; header_2_font=&#8221;Lato|700|||||||&#8221; header_2_text_align=&#8221;left&#8221; header_2_text_color=&#8221;#002654&#8243; header_2_font_size=&#8221;18px&#8221; custom_margin=&#8221;50px||||false|false&#8221; global_colors_info=&#8221;{}&#8221;]<\/p>\n<h2 class=\"centerer\" style=\"text-align: center;\"><span id=\"french-title\">Kuopion Suomi-Ranska yhdistys ry<\/span><\/h2>\n<p>[\/et_pb_text][\/et_pb_column][\/et_pb_row][\/et_pb_section][et_pb_section fb_built=&#8221;1&#8243; admin_label=&#8221;section&#8221; _builder_version=&#8221;4.16&#8243; global_colors_info=&#8221;{}&#8221;][et_pb_row admin_label=&#8221;row&#8221; _builder_version=&#8221;4.16&#8243; background_size=&#8221;initial&#8221; background_position=&#8221;top_left&#8221; background_repeat=&#8221;repeat&#8221; global_colors_info=&#8221;{}&#8221;][et_pb_column type=&#8221;4_4&#8243; _builder_version=&#8221;4.16&#8243; custom_padding=&#8221;|||&#8221; global_colors_info=&#8221;{}&#8221; custom_padding__hover=&#8221;|||&#8221;][et_pb_text admin_label=&#8221;Text&#8221; _builder_version=&#8221;4.22.2&#8243; text_font_size=&#8221;16px&#8221; background_size=&#8221;initial&#8221; background_position=&#8221;top_left&#8221; background_repeat=&#8221;repeat&#8221; global_colors_info=&#8221;{}&#8221;]<\/p>\n<ul>\n<li>Kuukausilounaat aloitettiin taas pitk\u00e4n koronatauon j\u00e4lkeen toukokuussa. Ensimm\u00e4isen kerran kokoonnuttiin yhdess\u00e4 lounastamaan keskiviikkona 12.5. Paikka oli tuttu ravintola Komilfo\u00a0K\u00e4sity\u00f6kadun ja Kirjastokadun kulmassa.<\/li>\n<li>Yhdistyksen vuosikokous pidettiin torstaina 27.5.2021 klo 16.30 Uimahallin kahviossa (Hannes Kolehmaisenkatu 4).<br \/>Kokouksessa k\u00e4siteltiin s\u00e4\u00e4nt\u00f6m\u00e4\u00e4r\u00e4iset vuosikokousasiat.<\/li>\n<\/ul>\n<p>[\/et_pb_text][\/et_pb_column][\/et_pb_row][\/et_pb_section][et_pb_section fb_built=&#8221;1&#8243; _builder_version=&#8221;4.22.1&#8243; _module_preset=&#8221;default&#8221; background_color=&#8221;#ce1126&#8243; background_enable_image=&#8221;off&#8221; background_size=&#8221;contain&#8221; width=&#8221;100%&#8221; max_width=&#8221;100%&#8221; min_height=&#8221;334px&#8221; custom_padding=&#8221;||24px|||&#8221; saved_tabs=&#8221;all&#8221; global_colors_info=&#8221;{}&#8221;][et_pb_row column_structure=&#8221;1_3,1_3,1_3&#8243; use_custom_gutter=&#8221;on&#8221; gutter_width=&#8221;2&#8243; _builder_version=&#8221;4.22.1&#8243; _module_preset=&#8221;default&#8221; width=&#8221;100%&#8221; max_width=&#8221;1540px&#8221; global_colors_info=&#8221;{}&#8221;][et_pb_column type=&#8221;1_3&#8243; _builder_version=&#8221;4.22.1&#8243; _module_preset=&#8221;default&#8221; global_colors_info=&#8221;{}&#8221;][et_pb_text _builder_version=&#8221;4.22.2&#8243; _module_preset=&#8221;default&#8221; text_font=&#8221;Lato||||||||&#8221; text_text_color=&#8221;#FFFFFF&#8221; text_font_size=&#8221;16px&#8221; link_font=&#8221;Lato|700|||||||&#8221; link_text_color=&#8221;#FFFFFF&#8221; text_orientation=&#8221;center&#8221; custom_margin=&#8221;20px|||0px|false|false&#8221; global_colors_info=&#8221;{}&#8221;]<\/p>\n<p style=\"text-align: center;\">Kuopion Suomi-Ranska yhdistys ry<br \/><a href=\"mailto:cercle.kuopio@gmail.com\" target=\"_blank\" rel=\"noopener\">cercle.kuopio (at) gmail.com<\/a><\/p>\n<p>[\/et_pb_text][\/et_pb_column][et_pb_column type=&#8221;1_3&#8243; _builder_version=&#8221;4.22.1&#8243; _module_preset=&#8221;default&#8221; global_colors_info=&#8221;{}&#8221;][et_pb_image src=&#8221;https:\/\/www.suomi-ranska.com\/kuopio\/wp-content\/uploads\/2023\/09\/heksagon-juhon-tekele.webp&#8221; title_text=&#8221;heksagon juhon tekele&#8221; show_bottom_space=&#8221;off&#8221; align=&#8221;center&#8221; _builder_version=&#8221;4.22.2&#8243; _module_preset=&#8221;default&#8221; width=&#8221;30%&#8221; width_tablet=&#8221;50%&#8221; width_phone=&#8221;46%&#8221; width_last_edited=&#8221;on|tablet&#8221; global_colors_info=&#8221;{}&#8221;][\/et_pb_image][\/et_pb_column][et_pb_column type=&#8221;1_3&#8243; _builder_version=&#8221;4.22.1&#8243; _module_preset=&#8221;default&#8221; global_colors_info=&#8221;{}&#8221;][et_pb_icon font_icon=&#8221;&#xf09a;||fa||400&#8243; icon_color=&#8221;#FFFFFF&#8221; icon_width=&#8221;34px&#8221; url=&#8221;https:\/\/www.facebook.com\/groups\/1649202232206980&#8243; url_new_window=&#8221;on&#8221; _builder_version=&#8221;4.22.2&#8243; _module_preset=&#8221;default&#8221; custom_margin=&#8221;20px||||false|false&#8221; global_colors_info=&#8221;{}&#8221;][\/et_pb_icon][\/et_pb_column][\/et_pb_row][\/et_pb_section]<\/p>\n","protected":false},"excerpt":{"rendered":"<p>[et_pb_section fb_built=&#8221;1&#8243; _builder_version=&#8221;4.22.2&#8243; _module_preset=&#8221;default&#8221; background_enable_color=&#8221;off&#8221; use_background_color_gradient=&#8221;on&#8221; background_color_gradient_stops=&#8221;#002654 0%|#ffffff 100%&#8221; background_enable_image=&#8221;off&#8221; background_size=&#8221;contain&#8221; width=&#8221;100%&#8221; max_width=&#8221;100%&#8221; custom_padding=&#8221;16px||24px|||&#8221; global_colors_info=&#8221;{}&#8221;][et_pb_row column_structure=&#8221;1_3,1_3,1_3&#8243; _builder_version=&#8221;4.22.2&#8243; _module_preset=&#8221;default&#8221; max_width=&#8221;1920px&#8221; custom_padding=&#8221;||0px||false|false&#8221; global_colors_info=&#8221;{}&#8221;][et_pb_column type=&#8221;1_3&#8243; _builder_version=&#8221;4.22.2&#8243; _module_preset=&#8221;default&#8221; custom_padding=&#8221;50px||||false|false&#8221; global_colors_info=&#8221;{}&#8221;][et_pb_text _builder_version=&#8221;4.22.2&#8243; _module_preset=&#8221;default&#8221; header_font=&#8221;Lato|700|||||||&#8221; header_text_align=&#8221;center&#8221; header_text_color=&#8221;#FFFFFF&#8221; header_font_size=&#8221;40px&#8221; header_3_font=&#8221;Lato||||||||&#8221; header_3_text_align=&#8221;center&#8221; header_3_text_color=&#8221;#000000&#8243; header_3_font_size=&#8221;30px&#8221; header_3_line_height=&#8221;1.1em&#8221; custom_margin=&#8221;||0px|0px|false|false&#8221; custom_margin_tablet=&#8221;||0px|0px|false|false&#8221; custom_margin_phone=&#8221;||0px|0px|false|false&#8221; custom_margin_last_edited=&#8221;on|tablet&#8221; header_font_size_tablet=&#8221;40px&#8221; header_font_size_phone=&#8221;30px&#8221; header_font_size_last_edited=&#8221;on|tablet&#8221; global_colors_info=&#8221;{}&#8221;] Tapahtumat 2021 [\/et_pb_text][\/et_pb_column][et_pb_column type=&#8221;1_3&#8243; _builder_version=&#8221;4.22.1&#8243; _module_preset=&#8221;default&#8221; global_colors_info=&#8221;{}&#8221;][et_pb_image src=&#8221;https:\/\/www.suomi-ranska.com\/kuopio\/wp-content\/uploads\/2023\/10\/Kuopio-1.webp&#8221; title_text=&#8221;Kuopio&#8221; align=&#8221;center&#8221; [&hellip;]<\/p>\n","protected":false},"author":10,"featured_media":0,"parent":0,"menu_order":0,"comment_status":"closed","ping_status":"closed","template":"","meta":{"_acf_changed":false,"_et_pb_use_builder":"on","_et_pb_old_content":"<ul>\n \t<li>Kuukausilounaat aloitettiin taas pitk\u00e4n koronatauon j\u00e4lkeen toukokuussa. Ensimm\u00e4isen kerran kokoonnuttiin yhdess\u00e4 lounastamaan keskiviikkona 12.5. Paikka oli tuttu ravintola Komilfo\u00a0K\u00e4sity\u00f6kadun ja Kirjastokadun kulmassa.<\/li>\n \t<li>Yhdistyksen vuosikokous pidettiin torstaina 27.5.2021 klo 16.30 Uimahallin kahviossa (Hannes Kolehmaisenkatu 4).\nKokouksessa k\u00e4siteltiin s\u00e4\u00e4nt\u00f6m\u00e4\u00e4r\u00e4iset vuosikokousasiat. <a href=\"https:\/\/www.suomi-ranska.com\/kuopio\/wp-content\/uploads\/sites\/16\/2021\/05\/Cercle-vuosikokous-2021-asialista.pdf\">Asialista<\/a><\/li>\n<\/ul>","_et_gb_content_width":"1080","footnotes":""},"class_list":["post-455","page","type-page","status-publish","hentry"],"acf":[],"_links":{"self":[{"href":"https:\/\/www.suomi-ranska.com\/kuopio\/wp-json\/wp\/v2\/pages\/455","targetHints":{"allow":["GET"]}}],"collection":[{"href":"https:\/\/www.suomi-ranska.com\/kuopio\/wp-json\/wp\/v2\/pages"}],"about":[{"href":"https:\/\/www.suomi-ranska.com\/kuopio\/wp-json\/wp\/v2\/types\/page"}],"author":[{"embeddable":true,"href":"https:\/\/www.suomi-ranska.com\/kuopio\/wp-json\/wp\/v2\/users\/10"}],"replies":[{"embeddable":true,"href":"https:\/\/www.suomi-ranska.com\/kuopio\/wp-json\/wp\/v2\/comments?post=455"}],"version-history":[{"count":4,"href":"https:\/\/www.suomi-ranska.com\/kuopio\/wp-json\/wp\/v2\/pages\/455\/revisions"}],"predecessor-version":[{"id":3705,"href":"https:\/\/www.suomi-ranska.com\/kuopio\/wp-json\/wp\/v2\/pages\/455\/revisions\/3705"}],"wp:attachment":[{"href":"https:\/\/www.suomi-ranska.com\/kuopio\/wp-json\/wp\/v2\/media?parent=455"}],"curies":[{"name":"wp","href":"https:\/\/api.w.org\/{rel}","templated":true}]}}