{"id":468,"date":"2023-05-15T10:23:27","date_gmt":"2023-05-15T10:23:27","guid":{"rendered":"https:\/\/www.suomi-ranska.com\/kuopio\/?page_id=468"},"modified":"2024-01-16T20:56:42","modified_gmt":"2024-01-16T17:56:42","slug":"tapahtumat-2023","status":"publish","type":"page","link":"https:\/\/www.suomi-ranska.com\/kuopio\/tapahtumat-2023\/","title":{"rendered":"Tapahtumat 2023"},"content":{"rendered":"<p><img loading=\"lazy\" decoding=\"async\" class=\"aligncenter wp-image-3227 size-large\" src=\"https:\/\/www.suomi-ranska.com\/kuopio\/wp-content\/uploads\/2023\/10\/Valamo-1-1024x498.jpeg\" alt=\"\" width=\"1024\" height=\"498\" srcset=\"https:\/\/www.suomi-ranska.com\/kuopio\/wp-content\/uploads\/2023\/10\/Valamo-1-980x476.jpeg 980w, https:\/\/www.suomi-ranska.com\/kuopio\/wp-content\/uploads\/2023\/10\/Valamo-1-480x233.jpeg 480w\" sizes=\"(min-width: 0px) and (max-width: 480px) 480px, (min-width: 481px) and (max-width: 980px) 980px, (min-width: 981px) 1024px, 100vw\" \/><\/p>\n<ul style=\"font-weight: 400;\">\n<li>Joulutauon j\u00e4lkeen aloitettiin kuukausilounaat taas helmikuussa. Keskiviikkona 1.2.2023 tavattiin ravintola Sfiziera Sorrentossa.<\/li>\n<li>Maaliskuussa 1.3.2023 lounastettiin Is\u00e4 Camillossa<\/li>\n<li>Yhdistyksen vuosikokous pidettiin Kuopion Kuntolaakson kokoustilassa torstaina 16.3.2023. Kokoukseen osallistui 12 j\u00e4sent\u00e4. Kokouksen puheenjohtajana toimi Matti Jauhiainen. Kokouksessa k\u00e4siteltiin s\u00e4\u00e4nt\u00f6m\u00e4\u00e4r\u00e4iset asiat. Hallituksen puheenjohtajaksi vuodelle 2023 valittiin Eero Markkinen ja j\u00e4seniksi Annu Jauhiainen, Leena Toivanen, Patrick Laffitte ja Kalevi Heino.\u00a0 Varaj\u00e4seniksi valittiin Anneli Pasanen ja Elvi Rissanen.\u00a0 Toiminnan tarkastajaksi valittiin Liisa Sarvi. \u00a0J\u00e4senmaksuksi vuodelle 2023 vahvistettiin 20\u20ac normaalij\u00e4sen ja 10\u20ac opiskelijaj\u00e4sen.<\/li>\n<li>Huhtikuun kuukausilounas nautittiin Canton Hin -ravintolassa 5.4.2023.<\/li>\n<li>Toukokuun kuukausilounaan paikkana oli ravintola Hygge Bro 3.5.2023<\/li>\n<li>Kuukausilounas keskiviikkona 7.6.2023 ravintola Wanhassa Satamassa.<\/li>\n<li>Ranskan kansallisp\u00e4iv\u00e4\u00e4 vietettiin perjantaina 14.7.2023 iltap\u00e4iv\u00e4ll\u00e4 Villa Hallmanissa Katiskaniemess\u00e4. Juhla-aterian kanssa nautimme ranskalaisia viinej\u00e4.<\/li>\n<li>Perinteinen kes\u00e4retki tehtiin t\u00e4n\u00e4 vuonna Valamon luostariin Hein\u00e4vedelle lauantaina 5.8.2023. Mukana parikymment\u00e4 henke\u00e4, yhdistyksen j\u00e4seni\u00e4 sek\u00e4 heid\u00e4n yst\u00e4vi\u00e4\u00e4n. Loistava opas kertoi meille luostarin historiasta sek\u00e4 nykyisest\u00e4 toiminnasta. Lis\u00e4ksi tutustuimme Martta Wendelinin n\u00e4yttelyyn sek\u00e4 luostarimuseon aarteisiin. Trapesassa nautimme maistuvan lounaan, Valamon viinien kera.<\/li>\n<li><span style=\"font-size: revert;\"><span style=\"font-size: revert;\">Kokoonnuimme syyskuun kuukausilounaalle Luoto-ravintolaan, Makasiininkatu 5, keskiviikkona 6.9.2023 klo 13. Paikalla oli l\u00e4hes parikymment\u00e4 j\u00e4sent\u00e4.<\/span><\/span><\/li>\n<li>Lokakuun kuukausilounas keskiviikkona 4.10.2023 klo 13 Sfitrefia Sorrentossa.<\/li>\n<li>Beaujolais Nouveau-ilta j\u00e4rjestettiin to 16.11.2022 klo 17.00\u201320.00 OAJ:n toimitiloissa, Kirkkokatu<br \/>\n33, 70100 Kuopio. Beaujolais Nouveauta tarjottiin Marjatan ja Patrickin valmistaman buffet\u2019in kanssa. Illan aikana kuultiin matkaterveisi\u00e4 Alsacen matkasta. Paikalla yhteens\u00e4 23 henkil\u00f6\u00e4.<\/li>\n<li>Cerclen joululounas nautittiin Rauhalahden ravintolassa tiistaina 12.12.2023<\/li>\n<\/ul>\n<p><img loading=\"lazy\" decoding=\"async\" class=\"aligncenter wp-image-3440 size-large\" src=\"https:\/\/www.suomi-ranska.com\/kuopio\/wp-content\/uploads\/2023\/11\/Soiree-Beaujolais_1-1024x498.jpeg\" alt=\"\" width=\"1024\" height=\"498\" srcset=\"https:\/\/www.suomi-ranska.com\/kuopio\/wp-content\/uploads\/2023\/11\/Soiree-Beaujolais_1-980x476.jpeg 980w, https:\/\/www.suomi-ranska.com\/kuopio\/wp-content\/uploads\/2023\/11\/Soiree-Beaujolais_1-480x233.jpeg 480w\" sizes=\"(min-width: 0px) and (max-width: 480px) 480px, (min-width: 481px) and (max-width: 980px) 980px, (min-width: 981px) 1024px, 100vw\" \/><\/p>\n<h4><\/h4>\n","protected":false},"excerpt":{"rendered":"<p>Joulutauon j\u00e4lkeen aloitettiin kuukausilounaat taas helmikuussa. Keskiviikkona 1.2.2023 tavattiin ravintola Sfiziera Sorrentossa. Maaliskuussa 1.3.2023 lounastettiin Is\u00e4 Camillossa Yhdistyksen vuosikokous pidettiin Kuopion Kuntolaakson kokoustilassa torstaina 16.3.2023. Kokoukseen osallistui 12 j\u00e4sent\u00e4. Kokouksen puheenjohtajana toimi Matti Jauhiainen. Kokouksessa k\u00e4siteltiin s\u00e4\u00e4nt\u00f6m\u00e4\u00e4r\u00e4iset asiat. Hallituksen puheenjohtajaksi vuodelle 2023 valittiin Eero Markkinen ja j\u00e4seniksi Annu Jauhiainen, Leena Toivanen, Patrick Laffitte ja Kalevi [&hellip;]<\/p>\n","protected":false},"author":10,"featured_media":0,"parent":0,"menu_order":0,"comment_status":"closed","ping_status":"closed","template":"","meta":{"_acf_changed":false,"_et_pb_use_builder":"off","_et_pb_old_content":"<ul style=\"font-weight: 400\">\n \t<li>Joulutauon j\u00e4lkeen aloitettiin kuukausilounaat taas helmikuussa. Keskiviikkona 1.2.2023 tavattiin ravintola Sfiziera Sorrentossa.<\/li>\n \t<li>Maaliskuussa 1.3.2023 lounastettiin Is\u00e4 Camillossa<\/li>\n \t<li>Yhdistyksen vuosikokous pidettiin Kuopion Kuntolaakson kokoustilassa torstaina 16.3.2023. Kokoukseen osallistui 12 j\u00e4sent\u00e4. Kokouksen puheenjohtajana toimi Matti Jauhiainen. Kokouksessa k\u00e4siteltiin s\u00e4\u00e4nt\u00f6m\u00e4\u00e4r\u00e4iset asiat. Hallituksen puheenjohtajaksi vuodelle 2023 valittiin Eero Markkinen ja j\u00e4seniksi Annu Jauhiainen, Leena Toivanen, Patrick Laffitte ja Kalevi Heino.\u00a0 Varaj\u00e4seniksi valittiin Anneli Pasanen ja Elvi Rissanen.\u00a0 Toiminnan tarkastajaksi valittiin Liisa Sarvi. \u00a0J\u00e4senmaksuksi vuodelle 2023 vahvistettiin 20\u20ac normaalij\u00e4sen ja 10\u20ac opiskelijaj\u00e4sen.<\/li>\n \t<li>Huhtikuun kuukausilounas nautittiin Canton Hin -ravintolassa 5.4.2023.<\/li>\n \t<li>Toukokuun kuukausilounaan paikkana oli ravintola Hygge Bro 3.5.2023<\/li>\n \t<li>Kuukausilounas keskiviikkona 7.6.2023 ravintola Wanhassa Satamassa.<\/li>\n \t<li>Ranskan kansallisp\u00e4iv\u00e4\u00e4 vietettiin perjantaina 14.7.2023 iltap\u00e4iv\u00e4ll\u00e4 Villa Hallmanissa Katiskaniemess\u00e4. Juhla-aterian kanssa nautimme ranskalaisia viinej\u00e4.<\/li>\n \t<li>Perinteinen kes\u00e4retki tehtiin t\u00e4n\u00e4 vuonna Valamon luostariin Hein\u00e4vedelle lauantaina 5.8.2023. Mukana parikymment\u00e4 henke\u00e4, yhdistyksen j\u00e4seni\u00e4 sek\u00e4 heid\u00e4n yst\u00e4vi\u00e4\u00e4n. Loistava opas kertoi meille luostarin historiasta sek\u00e4 nykyisest\u00e4 toiminnasta. Lis\u00e4ksi tutustuimme Martta Wendelinin n\u00e4yttelyyn sek\u00e4 luostarimuseon aarteisiin. Trapesassa nautimme maistuvan lounaan, Valamon viinien kera.<\/li>\n \t<li>Kokoonnuimme syyskuun kuukausilounaalle Luoto-ravintolaan, Makasiininkatu 5, keskiviikkona 6.9.2023 klo 13. Paikalla oli l\u00e4hes parikymment\u00e4 j\u00e4sent\u00e4.<\/li>\n<\/ul>\n<h4>Tulevia tapahtumia:<\/h4>\n&nbsp;","_et_gb_content_width":"1080","footnotes":""},"class_list":["post-468","page","type-page","status-publish","hentry"],"acf":[],"_links":{"self":[{"href":"https:\/\/www.suomi-ranska.com\/kuopio\/wp-json\/wp\/v2\/pages\/468","targetHints":{"allow":["GET"]}}],"collection":[{"href":"https:\/\/www.suomi-ranska.com\/kuopio\/wp-json\/wp\/v2\/pages"}],"about":[{"href":"https:\/\/www.suomi-ranska.com\/kuopio\/wp-json\/wp\/v2\/types\/page"}],"author":[{"embeddable":true,"href":"https:\/\/www.suomi-ranska.com\/kuopio\/wp-json\/wp\/v2\/users\/10"}],"replies":[{"embeddable":true,"href":"https:\/\/www.suomi-ranska.com\/kuopio\/wp-json\/wp\/v2\/comments?post=468"}],"version-history":[{"count":7,"href":"https:\/\/www.suomi-ranska.com\/kuopio\/wp-json\/wp\/v2\/pages\/468\/revisions"}],"predecessor-version":[{"id":3520,"href":"https:\/\/www.suomi-ranska.com\/kuopio\/wp-json\/wp\/v2\/pages\/468\/revisions\/3520"}],"wp:attachment":[{"href":"https:\/\/www.suomi-ranska.com\/kuopio\/wp-json\/wp\/v2\/media?parent=468"}],"curies":[{"name":"wp","href":"https:\/\/api.w.org\/{rel}","templated":true}]}}